{"id":12258,"date":"2021-11-08T13:51:49","date_gmt":"2021-11-08T12:51:49","guid":{"rendered":"https:\/\/bufetespanol.es\/?page_id=12258"},"modified":"2025-01-21T09:43:01","modified_gmt":"2025-01-21T08:43:01","slug":"sortim-als-mitjans","status":"publish","type":"page","link":"https:\/\/bufetespanol.es\/ca\/sortim-als-mitjans\/","title":{"rendered":"Sortim als mitjans"},"content":{"rendered":"<div class=\"push\" style='height:5px'><\/div>\n<div class=\"row \"><div class=\"wpv-grid grid-1-1  wpv-first-level first unextended animation-from-bottom animated-active\" style=\"padding-top:0px;padding-bottom:0px\" id=\"wpv-column-966d371e5b9fd5000eb66eea418542df\" ><div class=\"push\" style='height:20px'><\/div>\n<h3 style=\"text-align: center;\"><span class=\"vamtam-font-style-1 with-color\">\u201cUn abogado experto en vivienda advierte de una tendencia desesperada: okupar a los okupas\u201d<\/span><\/h3>\n<p style=\"text-align: center;\">Jos\u00e9 Mar\u00eda Espa\u00f1ol deja claro que cuando se acude a los medios alternativos, es que \u00abla ley no funciona\u00bb<\/p>\n<p style=\"text-align: center;\"><a href=\"https:\/\/www.eldebate.com\/espana\/cataluna\/20250120\/abogado-experto-vivienda-advierte-tendencia-desesperada-okupar-okupas_262045.html\" target=\"_blank\" style='font-size: 20px;' class=\"button vamtam-button accent1  button-filled-small hover-accent1 \"><span class=\"btext\">Llegir la not\u00edcia completa<\/span><\/a>\n<div class=\"push\" style='height:10px'><\/div>\n<p style=\"text-align: center;\"><div class=\"push\" style='height:50px'><\/div><\/div><\/div>\n<div class=\"sep\"><\/div>\n<div class=\"row \"><div class=\"wpv-grid grid-1-1  wpv-first-level first unextended animation-from-bottom animated-active\" style=\"padding-top:0px;padding-bottom:0px\" id=\"wpv-column-67d21f9ce983f94c2d825ef035338c3e\" ><div class=\"push\" style='height:20px'><\/div>\n<h3 style=\"text-align: center;\"><span class=\"vamtam-font-style-1 with-color\">\u201cCatalu\u00f1a lidera las okupaciones ilegales en 2021 con un 42 % del total\u201d<\/span><\/h3>\n<p style=\"text-align: center;\">En paralelo, la Generalitat est\u00e1 preparando una nueva ley antidesahucios, que seg\u00fan los expertos, no va a acabar con las ocupaciones y potenciar\u00e1 las mafias<\/p>\n<p style=\"text-align: center;\"><a href=\"https:\/\/www.eldebate.com\/espana\/cataluna\/20220131\/cataluna-lidera-ranquin-ocupaciones-ilegales-2021-42-total.html\" target=\"_blank\" style='font-size: 20px;' class=\"button vamtam-button accent1  button-filled-small hover-accent1 \"><span class=\"btext\">Llegir la not\u00edcia completa<\/span><\/a>\n<div class=\"push\" style='height:10px'><\/div>\n<p style=\"text-align: center;\"><div class=\"push\" style='height:50px'><\/div><\/div><\/div>\n<div class=\"sep\"><\/div>\n<div class=\"row \"><div class=\"wpv-grid grid-1-1  wpv-first-level first unextended animation-from-bottom animated-active\" style=\"padding-top:0px;padding-bottom:0px\" id=\"wpv-column-68845178808a3889eb48366f57647e54\" ><div class=\"push\" style='height:20px'><\/div>\n<h3 style=\"text-align: center;\"><span class=\"vamtam-font-style-1 with-color\">\u201cCatalu\u00f1a acapara la mitad de las \u00abokupaciones\u00bb de toda Espa\u00f1a mientras Madrid las reduce\u201d<\/span><\/h3>\n<p style=\"text-align: center;\">Los expertos lo atribuyen a la legislaci\u00f3n auton\u00f3mica, permisiva con la ocupaci\u00f3n ilegal, que provoc\u00f3 un \u00abefecto llamada\u00bb<\/p>\n<p style=\"text-align: center;\"><a href=\"https:\/\/www.eldebate.com\/espana\/20211106\/cataluna-acapara-mitad-okupaciones-toda-espana-madrid-reduce.html\" target=\"_blank\" style='font-size: 20px;' class=\"button vamtam-button accent1  button-filled-small hover-accent1 \"><span class=\"btext\">Llegir la not\u00edcia completa<\/span><\/a>\n<div class=\"push\" style='height:10px'><\/div>\n<p style=\"text-align: center;\"><div class=\"push\" style='height:50px'><\/div><\/div><\/div>\n<div class=\"sep\"><\/div>\n<div class=\"row \"><div class=\"wpv-grid grid-1-1  wpv-first-level first unextended animation-from-bottom animated-active\" style=\"padding-top:0px;padding-bottom:0px\" id=\"wpv-column-82a3c89414a52f4cd1bf8c909c5b32a6\" ><div class=\"push\" style='height:20px'><\/div>\n<h3 style=\"text-align: center;\"><span class=\"vamtam-font-style-1 with-color\">\u201c\u00bfC\u00f3mo afectar\u00e1 a propietarios e inquilinos la intervenci\u00f3n del mercado del alquiler?\u201d<\/span><\/h3>\n<p style=\"text-align: center;\">El ministro \u00c1balos anunci\u00f3 hace unos d\u00edas que antes del verano llevar\u00e1 a las Cortes su iniciativa para controlar el precio de los alquileres.<\/p>\n<p style=\"text-align: center;\"><a href=\"https:\/\/www.cope.es\/programas\/la-linterna\/el-tema-del-dia\/noticias\/como-afectara-propietarios-inquilinos-intervencion-del-mercado-del-alquiler-20200303_636537\" target=\"_blank\" style='font-size: 20px;' class=\"button vamtam-button accent1  button-filled-small hover-accent1 \"><span class=\"btext\">Llegir la not\u00edcia completa<\/span><\/a>\n<p style=\"text-align: center;\"><div class=\"push\" style='height:10px'><\/div>\n<div class=\"push\" style='height:50px'><\/div><\/div><\/div>\n<div class=\"sep\"><\/div>\n<div class=\"row \"><div class=\"wpv-grid grid-1-1  wpv-first-level first unextended animation-from-bottom animated-active\" style=\"padding-top:0px;padding-bottom:0px\" id=\"wpv-column-4fc0f53f7b85e7c56a093ae140c283fe\" ><div class=\"push\" style='height:20px'><\/div>\n<h3 style=\"text-align: center;\"><span class=\"vamtam-font-style-1 with-color\">\u201cLA LINTERNA A COPE CATALUNYA I ANDORRA\u201d<\/span><\/h3>\n<p style=\"text-align: center;\">PROGRAMA LA LINTERNA, 1 DE JUNY DE 2021<\/p>\n<p style=\"text-align: center;\"><a href=\"https:\/\/www.cope.es\/emisoras\/cataluna\/barcelona-provincia\/barcelona\/la-linterna-cope-catalunya-i-andorra\/noticias\/linterna-cope-catalunya-andorra-20210602_1321183\" target=\"_blank\" style='font-size: 20px;' class=\"button vamtam-button accent1  button-filled-small hover-accent1 \"><span class=\"btext\">Llegir la not\u00edcia completa<\/span><\/a>\n<p style=\"text-align: center;\"><div class=\"push\" style='height:10px'><\/div>\n<div class=\"push\" style='height:50px'><\/div><\/div><\/div>\n<div class=\"sep\"><\/div>\n<div class=\"row \"><div class=\"wpv-grid grid-1-1  wpv-first-level first unextended animation-from-bottom animated-active\" style=\"padding-top:0px;padding-bottom:0px\" id=\"wpv-column-1490fadec282e0104acf8b19a76e772e\" ><div class=\"push\" style='height:20px'><\/div>\n<h3 style=\"text-align: center;\"><span class=\"vamtam-font-style-1 with-color\">\u201cOkupas utilizan a ni\u00f1os contra los desalojos\u201d<\/span><\/h3>\n<p style=\"text-align: center;\">Jos\u00e9 Mar\u00eda Espa\u00f1ol, abogado: \u201cMuchas veces no son sus hijos\u201d<\/p>\n<p style=\"text-align: center;\"><a href=\"https:\/\/sociedad.e-noticies.es\/okupas-utilizan-a-ninos-contra-los-desalojos-132389.html\" target=\"_blank\" style='font-size: 20px;' class=\"button vamtam-button accent1  button-filled-small hover-accent1 \"><span class=\"btext\">Llegir la not\u00edcia completa<\/span><\/a>\n<p style=\"text-align: center;\"><div class=\"push\" style='height:10px'><\/div>\n<div class=\"push\" style='height:50px'><\/div><\/div><\/div>\n","protected":false},"excerpt":{"rendered":"<p>\u201cUn abogado experto en vivienda advierte de una tendencia desesperada: okupar a los okupas\u201d Jos\u00e9 Mar\u00eda Espa\u00f1ol deja claro que cuando se acude a los medios alternativos, es que \u00abla ley no funciona\u00bb \u201cCatalu\u00f1a lidera las okupaciones ilegales en 2021 con un 42 % del total\u201d En paralelo, la Generalitat est\u00e1 preparando una nueva ley&#8230;<\/p>\n","protected":false},"author":1,"featured_media":0,"parent":0,"menu_order":0,"comment_status":"closed","ping_status":"closed","template":"","meta":{"footnotes":""},"class_list":["post-12258","page","type-page","status-publish","hentry"],"_links":{"self":[{"href":"https:\/\/bufetespanol.es\/ca\/wp-json\/wp\/v2\/pages\/12258","targetHints":{"allow":["GET"]}}],"collection":[{"href":"https:\/\/bufetespanol.es\/ca\/wp-json\/wp\/v2\/pages"}],"about":[{"href":"https:\/\/bufetespanol.es\/ca\/wp-json\/wp\/v2\/types\/page"}],"author":[{"embeddable":true,"href":"https:\/\/bufetespanol.es\/ca\/wp-json\/wp\/v2\/users\/1"}],"replies":[{"embeddable":true,"href":"https:\/\/bufetespanol.es\/ca\/wp-json\/wp\/v2\/comments?post=12258"}],"version-history":[{"count":13,"href":"https:\/\/bufetespanol.es\/ca\/wp-json\/wp\/v2\/pages\/12258\/revisions"}],"predecessor-version":[{"id":12338,"href":"https:\/\/bufetespanol.es\/ca\/wp-json\/wp\/v2\/pages\/12258\/revisions\/12338"}],"wp:attachment":[{"href":"https:\/\/bufetespanol.es\/ca\/wp-json\/wp\/v2\/media?parent=12258"}],"curies":[{"name":"wp","href":"https:\/\/api.w.org\/{rel}","templated":true}]}}