{"id":12191,"date":"2020-09-23T11:18:38","date_gmt":"2020-09-23T09:18:38","guid":{"rendered":"http:\/\/www.bufetespanol.es\/?page_id=12191"},"modified":"2020-09-23T11:18:38","modified_gmt":"2020-09-23T09:18:38","slug":"gracies-per-reservar-cita","status":"publish","type":"page","link":"https:\/\/bufetespanol.es\/ca\/gracies-per-reservar-cita\/","title":{"rendered":"Gr\u00e0cies per reservar cita"},"content":{"rendered":"<div class=\"row \"><div class=\"wpv-grid grid-1-1  wpv-first-level first unextended\" style=\"padding-top:0px;padding-bottom:0px\" id=\"wpv-column-aef2f637e571e26681a1b96a9f061cf5\" >\t\t<h2 class=\"text-divider-double\">\t\t\tGr\u00e0cies per reservar la seva videotrucada.\t\t<\/h2>\t\t<div class=\"sep\"><\/div>\t<div class=\"row \"><div class=\"wpv-grid grid-1-1  first unextended animation-fade-in animated-active\" style=\"padding-top:0px;padding-bottom:0px\" id=\"wpv-column-88813942c380cb7e90bd0cd8f1f32dcf\" ><div class=\"push\" style='margin-bottom:-30px'><\/div>\n<p style=\"text-align: center;\"><span class=\"vamtam-font-style-2 accent-4\">En 24\/48 hores rebr\u00e0 un correu electr\u00f2nic amb la confirmaci\u00f3 de la seva cita\/videotrucada.<br \/>\n<\/span><div class=\"push\" style='height:30px'><\/div><\/div><\/div>\n<div class=\"row \"><div class=\"wpv-grid grid-1-3  first unextended animation-fade-in animated-active\" style=\"padding-top:0px;padding-bottom:0px\" id=\"wpv-column-2c46632aeb303fe38cf41de67c4d5f38\" ><p style=\"text-align: center;\"><span class='icon shortcode theme  use-hover' style='font-size:32px !important;color:#0065bb;'>&#57547;<\/span>\n<p style=\"text-align: center;\">Paseo de la Castellana, 79. 6a planta.<br \/>\n28046 Madrid<br \/>\n<a href=\"https:\/\/www.google.com\/maps\/search\/Paseo+de+la+Castellana,+79.+6%C2%AA+planta++madrid\/@40.4535716,-3.6959485,16z\/data=!3m1!4b1\" target=\"_blank\" rel=\"noopener noreferrer\">MADRID\u00a0\u2192<\/a><\/div>\n<div class=\"wpv-grid grid-1-3  unextended animation-fade-in animated-active\" style=\"padding-top:0px;padding-bottom:0px\" id=\"wpv-column-e14116bd649758b159a2bcc254cd520d\" ><p style=\"text-align: center;\"><span class='icon shortcode theme  use-hover' style='font-size:32px !important;color:#0065bb;'>&#57547;<\/span>\n<p style=\"text-align: center;\">Avinguda Burgos, 29. 1a planta.<br \/>\n08100 Mollet del Vall\u00e8s (Barcelona)<br \/>\n<a href=\"https:\/\/www.google.com\/maps\/place\/Bufet+Espa\u00f1ol+Moreda+Abogados\/@41.5361114,2.2079467,17z\/data=!3m1!4b1!4m5!3m4!1s0x12a4bed91234f939:0x417766821ca79ad0!8m2!3d41.5361074!4d2.2101354\" target=\"_blank\" rel=\"noopener noreferrer\">BARCELONA\u00a0\u2192<\/a><\/div>\n<div class=\"wpv-grid grid-1-3  unextended animation-fade-in animated-active\" style=\"padding-top:0px;padding-bottom:0px\" id=\"wpv-column-e40361e7701838617b4bd526368f48e2\" ><p style=\"text-align: center;\"><span class='icon shortcode theme  use-hover' style='font-size:32px !important;color:#0065bb;'>&#57547;<\/span>\n<p style=\"text-align: center;\">Carrer Capmany, 4. 2-A.<br \/>\n08201 Sabadell<br \/>\n<a href=\"https:\/\/www.google.com\/maps\/search\/Calle+Capmany,+4.+2-A+08201+Sabadell+\/@41.5477775,2.1043873,17z\/data=!3m1!4b1\" target=\"_blank\" rel=\"noopener noreferrer\">SABADELL \u2192<\/a><\/div><\/div>\n<div class=\"row \"><div class=\"wpv-grid grid-1-3  first unextended animation-fade-in animated-active\" style=\"padding-top:0px;padding-bottom:0px\" id=\"wpv-column-77efc638a1031497c933a229388fda65\" ><p style=\"text-align: center;\"><span class='icon shortcode theme  use-hover' style='font-size:32px !important;color:#0065bb;'>&#57530;<\/span>\n<p style=\"text-align: center;\">DE DILLUNS A DIJOUS: 09:00 \u2013 14:00<br \/>\nDIVENDRES: 09:00 \u2013 14:30<\/div>\n<div class=\"wpv-grid grid-1-3  unextended animation-fade-in animated-active\" style=\"padding-top:0px;padding-bottom:0px\" id=\"wpv-column-64919450df2bde8ab97e75a2efec3848\" ><p style=\"text-align: center;\"><span class='icon shortcode theme  use-hover' style='font-size:32px !important;color:#0065bb;'>&#57471;<\/span>\n<p style=\"text-align: center;\">Tels.: 93 570 73 09 \u00b7 93 716 12 75<\/div><\/div>\n<div class=\"push\" style='margin-bottom:-40px'><\/div>\n<div class=\"sep-3\"><\/div>\n<div class=\"row \"><div class=\"wpv-grid grid-1-1  first unextended animation-zoom-in animated-active\" style=\"padding-top:0px;padding-bottom:0px\" id=\"wpv-column-c4cf5bb6e97fa49e7224ef92d6a00b52\" ><div class=\"push\" style='margin-bottom:-10px'><\/div>\n<p style=\"text-align: center;\"><a href=\"#\"> <span class='icon shortcode   use-hover' style='font-size:16px !important;color:#D8D8D8;'>&#58155;<\/span><\/a> \u00a0\u00a0\u00a0<a href=\"#\"><span class='icon shortcode   use-hover' style='font-size:16px !important;color:#D8D8D8;'>&#58159;<\/span><\/a> \u00a0\u00a0\u00a0<a href=\"#\"><span class='icon shortcode   use-hover' style='font-size:16px !important;color:#D8D8D8;'>&#58165;<\/span><\/a> <div class=\"push\" style='height:20px'><\/div><\/div><\/div><\/div><\/div>\n<div class=\"row \"><div class=\"wpv-grid grid-1-1  wpv-first-level first has-background extended\" style=\"background-color:#cbcaca;padding-top:60px;padding-bottom:30px\" id=\"wpv-column-2e77114d9b4ddc9ae6bbdf82613c71b2\" ><div class=\"extended-column-inner\"><style>#wpv-column-2e77114d9b4ddc9ae6bbdf82613c71b2 p,#wpv-column-2e77114d9b4ddc9ae6bbdf82613c71b2 em,#wpv-column-2e77114d9b4ddc9ae6bbdf82613c71b2 .column-title,#wpv-column-2e77114d9b4ddc9ae6bbdf82613c71b2 .sep-text h2.regular-title-wrapper,#wpv-column-2e77114d9b4ddc9ae6bbdf82613c71b2 .text-divider-double,#wpv-column-2e77114d9b4ddc9ae6bbdf82613c71b2 .sep-text .sep-text-line,#wpv-column-2e77114d9b4ddc9ae6bbdf82613c71b2 .sep,#wpv-column-2e77114d9b4ddc9ae6bbdf82613c71b2 .sep-2,#wpv-column-2e77114d9b4ddc9ae6bbdf82613c71b2 .sep-3,#wpv-column-2e77114d9b4ddc9ae6bbdf82613c71b2 td,#wpv-column-2e77114d9b4ddc9ae6bbdf82613c71b2 th,#wpv-column-2e77114d9b4ddc9ae6bbdf82613c71b2 caption{color:#4c4a4a;}#wpv-column-2e77114d9b4ddc9ae6bbdf82613c71b2:before{background-color:transparent;}<\/style><div class=\"row \"><div class=\"wpv-grid grid-1-1  first unextended animation-from-bottom animated-active\" style=\"padding-top:0px;padding-bottom:0px\" id=\"wpv-column-8be81fa691a585edcb66b05766816191\" ><p>\n<div class=\"wpcf7 no-js\" id=\"wpcf7-f12113-o1\" lang=\"en-US\" dir=\"ltr\" data-wpcf7-id=\"12113\">\n<div class=\"screen-reader-response\"><p role=\"status\" aria-live=\"polite\" aria-atomic=\"true\"><\/p> <ul><\/ul><\/div>\n<form action=\"\/ca\/wp-json\/wp\/v2\/pages\/12191#wpcf7-f12113-o1\" method=\"post\" class=\"wpcf7-form init\" aria-label=\"Contact form\" novalidate=\"novalidate\" data-status=\"init\">\n<fieldset class=\"hidden-fields-container\"><input type=\"hidden\" name=\"_wpcf7\" value=\"12113\" \/><input type=\"hidden\" name=\"_wpcf7_version\" value=\"6.1.5\" \/><input type=\"hidden\" name=\"_wpcf7_locale\" value=\"en_US\" \/><input type=\"hidden\" name=\"_wpcf7_unit_tag\" value=\"wpcf7-f12113-o1\" \/><input type=\"hidden\" name=\"_wpcf7_container_post\" value=\"0\" \/><input type=\"hidden\" name=\"_wpcf7_posted_data_hash\" value=\"\" \/><input type=\"hidden\" name=\"_wpcf7_recaptcha_response\" value=\"\" \/>\n<\/fieldset>\n<div class=\"vamtam-rsvp-form\">\n\t<div class=\"row\">\n\t\t<div class=\"grid-1-4\">\n\t\t\t<p><span class=\"wpcf7-form-control-wrap\" data-name=\"your-name\"><input size=\"40\" maxlength=\"400\" class=\"wpcf7-form-control wpcf7-text wpcf7-validates-as-required\" id=\"your-name\" aria-required=\"true\" aria-invalid=\"false\" placeholder=\"Nom\" value=\"\" type=\"text\" name=\"your-name\" \/><\/span>\n\t\t\t<\/p>\n\t\t<\/div>\n\t\t<div class=\"grid-1-4\">\n\t\t\t<p><span class=\"wpcf7-form-control-wrap\" data-name=\"Phone\"><input size=\"40\" maxlength=\"400\" class=\"wpcf7-form-control wpcf7-text wpcf7-validates-as-required\" id=\"Phone\" aria-required=\"true\" aria-invalid=\"false\" placeholder=\"Tel\u00e8fon\" value=\"\" type=\"text\" name=\"Phone\" \/><\/span>\n\t\t\t<\/p>\n\t\t<\/div>\n\t\t<div class=\"grid-1-4\">\n\t\t\t<p><span class=\"wpcf7-form-control-wrap\" data-name=\"email\"><input size=\"40\" maxlength=\"400\" class=\"wpcf7-form-control wpcf7-email wpcf7-validates-as-required wpcf7-text wpcf7-validates-as-email\" aria-required=\"true\" aria-invalid=\"false\" placeholder=\"correu electr\u00f2nic\" value=\"\" type=\"email\" name=\"email\" \/><\/span>\n\t\t\t<\/p>\n\t\t<\/div>\n\t\t<div class=\"grid-1-4\">\n\t\t\t<p><span class=\"wpcf7-form-control-wrap\" data-name=\"dropdown\"><select class=\"wpcf7-form-control wpcf7-select wpv-chosen-select\" id=\"events-dropdown\" aria-invalid=\"false\" name=\"dropdown\"><option value=\"Dret bancari i immobiliari\">Dret bancari i immobiliari<\/option><option value=\"Arrendaments i desnonaments\">Arrendaments i desnonaments<\/option><option value=\"Ocupacions il\u00b7legals\">Ocupacions il\u00b7legals<\/option><option value=\"Reclamaci\u00f3 d&#039;hipoteques\">Reclamaci\u00f3 d&#039;hipoteques<\/option><option value=\"Pr\u00e9stecs\">Pr\u00e9stecs<\/option><option value=\"Reclamaci\u00f3 d&#039;indemnitzacions\">Reclamaci\u00f3 d&#039;indemnitzacions<\/option><option value=\"Altres...\">Altres...<\/option><\/select><\/span>\n\t\t\t<\/p>\n\t\t<\/div>\n\t\t<div class=\"grid-1-1\">\n\t\t\t<p><span class=\"wpcf7-form-control-wrap\" data-name=\"our-message\"><textarea cols=\"40\" rows=\"5\" maxlength=\"2000\" class=\"wpcf7-form-control wpcf7-textarea wpcf7-validates-as-required\" id=\"message\" aria-required=\"true\" aria-invalid=\"false\" placeholder=\"Descriviu la vostra consulta...\" name=\"our-message\"><\/textarea><\/span>\n\t\t\t<\/p>\n\t\t<\/div>\n\t\t<div class=\"grid-1-1\">\n\t\t\t<p><span class=\"wpcf7-form-control-wrap\" data-name=\"privacidad\"><span class=\"wpcf7-form-control wpcf7-acceptance\"><span class=\"wpcf7-list-item\"><label><input type=\"checkbox\" name=\"privacidad\" value=\"1\" aria-invalid=\"false\" \/><span class=\"wpcf7-list-item-label\">He llegit i accepto la <a href=\"http:\/\/www.bufetespanol.es\/ca\/politica-de-privacidad\/\">Pol\u00edtica de Privacitat<\/a>.<\/span><\/label><\/span><\/span><\/span>\n\t\t\t<\/p>\n\t\t\t<p>El responsable del fitxer, Bufet Espanyol Moreda, usar\u00e0 aquesta informaci\u00f3 per respondre a les sol\u00b7licituds de contacte. Les dades enviades es guardaran en Arsys.es dins de la Uni\u00f3 Europea. Pots accedir, rectificar o suprimir aquestes dades si ho desitja.\n\t\t\t<\/p>\n\t\t<\/div>\n\t\t<div class=\"grid-1-3\">\n\t\t\n\t\t<\/div>\n\t<\/div>\n\t<div style= \"text-align: center;\">\n\t\t<p><input class=\"wpcf7-form-control wpcf7-submit has-spinner\" type=\"submit\" value=\"ENVIAR \u2192\" \/>\n\t\t<\/p>\n\t<\/div>\n<\/div><div class=\"wpcf7-response-output\" aria-hidden=\"true\"><\/div>\n<\/form>\n<\/div>\n<\/div><\/div><\/div><\/div><\/div>\n","protected":false},"excerpt":{"rendered":"<p>En 24\/48 hores rebr\u00e0 un correu electr\u00f2nic amb la confirmaci\u00f3 de la seva cita\/videotrucada. Paseo de la Castellana, 79. 6a planta. 28046 Madrid MADRID\u00a0\u2192 Avinguda Burgos, 29. 1a planta. 08100 Mollet del Vall\u00e8s (Barcelona) BARCELONA\u00a0\u2192 Carrer Capmany, 4. 2-A. 08201 Sabadell SABADELL \u2192 DE DILLUNS A DIJOUS: 09:00 \u2013 14:00 DIVENDRES: 09:00 \u2013 14:30 Tels.:&#8230;<\/p>\n","protected":false},"author":1,"featured_media":0,"parent":0,"menu_order":3,"comment_status":"closed","ping_status":"closed","template":"","meta":{"footnotes":""},"class_list":["post-12191","page","type-page","status-publish","hentry"],"_links":{"self":[{"href":"https:\/\/bufetespanol.es\/ca\/wp-json\/wp\/v2\/pages\/12191","targetHints":{"allow":["GET"]}}],"collection":[{"href":"https:\/\/bufetespanol.es\/ca\/wp-json\/wp\/v2\/pages"}],"about":[{"href":"https:\/\/bufetespanol.es\/ca\/wp-json\/wp\/v2\/types\/page"}],"author":[{"embeddable":true,"href":"https:\/\/bufetespanol.es\/ca\/wp-json\/wp\/v2\/users\/1"}],"replies":[{"embeddable":true,"href":"https:\/\/bufetespanol.es\/ca\/wp-json\/wp\/v2\/comments?post=12191"}],"version-history":[{"count":2,"href":"https:\/\/bufetespanol.es\/ca\/wp-json\/wp\/v2\/pages\/12191\/revisions"}],"predecessor-version":[{"id":12199,"href":"https:\/\/bufetespanol.es\/ca\/wp-json\/wp\/v2\/pages\/12191\/revisions\/12199"}],"wp:attachment":[{"href":"https:\/\/bufetespanol.es\/ca\/wp-json\/wp\/v2\/media?parent=12191"}],"curies":[{"name":"wp","href":"https:\/\/api.w.org\/{rel}","templated":true}]}}