{"id":12134,"date":"2019-04-05T12:49:56","date_gmt":"2019-04-05T10:49:56","guid":{"rendered":"http:\/\/www.bufetespanol.es\/?page_id=12134"},"modified":"2019-04-05T12:51:58","modified_gmt":"2019-04-05T10:51:58","slug":"qui-som","status":"publish","type":"page","link":"https:\/\/bufetespanol.es\/ca\/qui-som\/","title":{"rendered":"Qui som"},"content":{"rendered":"<div class=\"row \"><div class=\"wpv-grid grid-1-1  wpv-first-level first unextended animation-from-bottom animated-active\" style=\"padding-top:0px;padding-bottom:0px\" id=\"wpv-column-929b0eaf2b02f2da15e8991c3498abe8\" ><div class=\"push\" style='height:20px'><\/div>\n<p style=\"text-align: center;\"><img loading=\"lazy\" decoding=\"async\" class=\"alignnone size-full wp-image-11955\" src=\"http:\/\/www.bufetespanol.es\/wp-content\/uploads\/2019\/03\/bufet-esp-foto-fachada.jpg\" alt=\"\" width=\"1900\" height=\"580\" srcset=\"https:\/\/bufetespanol.es\/wp-content\/uploads\/2019\/03\/bufet-esp-foto-fachada.jpg 1900w, https:\/\/bufetespanol.es\/wp-content\/uploads\/2019\/03\/bufet-esp-foto-fachada-300x92.jpg 300w, https:\/\/bufetespanol.es\/wp-content\/uploads\/2019\/03\/bufet-esp-foto-fachada-768x234.jpg 768w, https:\/\/bufetespanol.es\/wp-content\/uploads\/2019\/03\/bufet-esp-foto-fachada-1024x313.jpg 1024w, https:\/\/bufetespanol.es\/wp-content\/uploads\/2019\/03\/bufet-esp-foto-fachada-1140x348.jpg 1140w, https:\/\/bufetespanol.es\/wp-content\/uploads\/2019\/03\/bufet-esp-foto-fachada-555x169.jpg 555w, https:\/\/bufetespanol.es\/wp-content\/uploads\/2019\/03\/bufet-esp-foto-fachada-360x110.jpg 360w, https:\/\/bufetespanol.es\/wp-content\/uploads\/2019\/03\/bufet-esp-foto-fachada-262x80.jpg 262w, https:\/\/bufetespanol.es\/wp-content\/uploads\/2019\/03\/bufet-esp-foto-fachada-1320x403.jpg 1320w\" sizes=\"auto, (max-width: 1900px) 100vw, 1900px\" \/><\/p>\n<div class=\"push\" style='height:50px'><\/div><\/div><\/div>\n<div class=\"push\" style='height:5px'><\/div>\n<div class=\"row \"><div class=\"wpv-grid grid-1-1  wpv-first-level first unextended animation-from-bottom animated-active\" style=\"padding-top:0px;padding-bottom:0px\" id=\"wpv-column-7290fa7d032d680428a3bcfd9e3f53ce\" ><div class=\"push\" style='height:20px'><\/div>\n<p style=\"text-align: center;\"><span class=\"vamtam-font-style-1 with-color\">\u201cBufet Espanyol Moreda SLP, \u00e9s una societat dedicada a l&#8217;exercici de l&#8217;advocacia l&#8217;administrador \u00e9s Jos\u00e9 Mar\u00eda Espanyol.\u201d<\/span><\/p>\n<p style=\"text-align: center;\">Bufet Espanyol Moreda compta actualment amb tres despatxos oberts a Barcelona (any 2011), Sabadell (any 1999) i Mollet del Vall\u00e8s (any 1996), est\u00e0 especialitzat en dret immobiliari, especialment en dret hipotecari i depuraci\u00f3 d&#8217;actius i, en els \u00faltims anys, a causa de l&#8217;increment d&#8217;ocupacions il\u00b7legals d&#8217;habitatges, en judicis verbals, reclamant la recuperaci\u00f3 d&#8217;habitatges. L&#8217;any 2011 va iniciar un proc\u00e9s de col\u00b7laboraci\u00f3 amb el Bufet Pardo de Barcelona, \u200b\u200bfundat el 1975 per don Juliol Pardo Padr\u00f3s.<br \/>\n<div class=\"push\" style='height:10px'><\/div>\n<div class=\"push\" style='height:50px'><\/div><\/div><\/div>\n<div class=\"sep\"><\/div>\n<div class=\"row \"><div class=\"wpv-grid grid-1-1  wpv-first-level first unextended animation-from-bottom animated-active\" style=\"padding-top:0px;padding-bottom:0px\" id=\"wpv-column-846c7698974b42d58b1d173d8f11e02f\" ><div class=\"push\" style='height:20px'><\/div>\n<p style=\"text-align: center;\"><span class=\"vamtam-font-style-1 with-color\">\u201cExperi\u00e8ncia\u201d<\/span><\/p>\n<p style=\"text-align: center;\">Des de l&#8217;any 2000 treballa per a una important entitat banc\u00e0ria i el seu grup d&#8217;empreses el que ens ha perm\u00e8s poder recuperar 150 milions d&#8217;euros en procediments de reclamacions de quantitat durant aquest temps.<\/p>\n<p style=\"text-align: center;\">En els \u00faltims vint anys, ha tramitat m\u00e9s de deu mil expedients judicials tant execucions hipotec\u00e0ries com depuraci\u00f3 d&#8217;actius i recuperaci\u00f3 d&#8217;habitatges ocupats. En els \u00faltims nou anys, Bufet Espanyol Moreda s&#8217;ha convertit en un dels despatxos d&#8217;advocats especialitzats en la depuraci\u00f3 d&#8217;actius amb m\u00e9s de set mil actius depurats i tres mil procediments de desocupaci\u00f3 d&#8217;habitatges de tot Espanya.<\/p>\n<p style=\"text-align: center;\">Aquests expedients judicials s&#8217;han tramitat, principalment en els jutjats de la prov\u00edncia de Barcelona i a la resta de prov\u00edncies catalanes i ja en menor mesura en la Comunitat Valenciana, Illes Balears, Arag\u00f3 i Comunitat de Madrid.<\/p>\n<p style=\"text-align: center;\"><div class=\"push\" style='height:10px'><\/div>\n<div class=\"push\" style='height:50px'><\/div><\/div><\/div>\n","protected":false},"excerpt":{"rendered":"<p>\u201cBufet Espanyol Moreda SLP, \u00e9s una societat dedicada a l&#8217;exercici de l&#8217;advocacia l&#8217;administrador \u00e9s Jos\u00e9 Mar\u00eda Espanyol.\u201d Bufet Espanyol Moreda compta actualment amb tres despatxos oberts a Barcelona (any 2011), Sabadell (any 1999) i Mollet del Vall\u00e8s (any 1996), est\u00e0 especialitzat en dret immobiliari, especialment en dret hipotecari i depuraci\u00f3 d&#8217;actius i, en els \u00faltims&#8230;<\/p>\n","protected":false},"author":1,"featured_media":0,"parent":0,"menu_order":0,"comment_status":"closed","ping_status":"closed","template":"","meta":{"footnotes":""},"class_list":["post-12134","page","type-page","status-publish","hentry"],"_links":{"self":[{"href":"https:\/\/bufetespanol.es\/ca\/wp-json\/wp\/v2\/pages\/12134","targetHints":{"allow":["GET"]}}],"collection":[{"href":"https:\/\/bufetespanol.es\/ca\/wp-json\/wp\/v2\/pages"}],"about":[{"href":"https:\/\/bufetespanol.es\/ca\/wp-json\/wp\/v2\/types\/page"}],"author":[{"embeddable":true,"href":"https:\/\/bufetespanol.es\/ca\/wp-json\/wp\/v2\/users\/1"}],"replies":[{"embeddable":true,"href":"https:\/\/bufetespanol.es\/ca\/wp-json\/wp\/v2\/comments?post=12134"}],"version-history":[{"count":2,"href":"https:\/\/bufetespanol.es\/ca\/wp-json\/wp\/v2\/pages\/12134\/revisions"}],"predecessor-version":[{"id":12137,"href":"https:\/\/bufetespanol.es\/ca\/wp-json\/wp\/v2\/pages\/12134\/revisions\/12137"}],"wp:attachment":[{"href":"https:\/\/bufetespanol.es\/ca\/wp-json\/wp\/v2\/media?parent=12134"}],"curies":[{"name":"wp","href":"https:\/\/api.w.org\/{rel}","templated":true}]}}