{"id":12125,"date":"2019-04-05T12:13:13","date_gmt":"2019-04-05T10:13:13","guid":{"rendered":"http:\/\/www.bufetespanol.es\/?page_id=12125"},"modified":"2019-04-05T12:44:41","modified_gmt":"2019-04-05T10:44:41","slug":"els-nostres-serveis","status":"publish","type":"page","link":"https:\/\/bufetespanol.es\/ca\/els-nostres-serveis\/","title":{"rendered":"Els nostres serveis"},"content":{"rendered":"<div class=\"push\" style='height:50px'><\/div>\n<div class=\"row \"><div class=\"wpv-grid grid-1-3  wpv-first-level first unextended\" style=\"padding-top:65px;padding-bottom:0px\" id=\"wpv-column-845c97e9a90ab9475987655d8bb67f7f\" ><div class=\"row \"><div class=\"wpv-grid grid-1-1  first unextended\" style=\"padding-top:0px;padding-bottom:0px\" id=\"wpv-column-b926a828a29542b1f1dfd37dac33ba1b\" >\n<div  data-target=\"_self\" class=\"linkarea clearfix   background-transparent\">\n\t\t\t<div class=\"first\"><span class='icon shortcode   use-hover' style='font-size:56px !important;color:#0065bb;'>&#57419;<\/span><\/div>\n\t\t\t\t<div class=\"last\"><h3 style=\"text-align: center;\">DRET BANCARI<br \/>\nI IMMOBILIARI<\/h3>\n<div class=\"sep-2\"><\/div>\n<h4 style=\"text-align: center;\">Bufet Espanyol Moreda, en els seus despatxos de Mollet i Sabadell est\u00e0 especialitzat en dret civil i dins d&#8217;aquest \u00e0mbit, en desnonaments i recuperacions de quantitat \u00e9s a dir, reclamaci\u00f3 d&#8217;hipoteques, pr\u00e9stecs, descoberts en compte, rendes derivades del lloguer i reclamaci\u00f3 d&#8217;indemnitzacions per accidents de tr\u00e0nsit i \/ o laborals.<\/h4>\n<h4 style=\"text-align: center;\">En l&#8217;actualitat, som el despatx de refer\u00e8ncia en els partits judicials especialitzat en dret bancari i immobiliari havent-nos convertit en un dels principals despatx de tot Espanya en major nombre de processos.<\/h4>\n<div class=\"push\" style='height:30px'><\/div>\n<p class=\"textcenter\"><a href=\"http:\/\/www.bufetespanol.es\/ca\/contactar\" target=\"_self\" style='font-size: 14px;' class=\"button vamtam-button accent2  button-border hover-accent2 \"><span class=\"btext\">CONTACTI AMB NOSALTRES \u2192<\/span><\/a><\/p> <div class=\"push\" style='height:20px'><\/div><\/div>\n\t<\/div><\/div><\/div><\/div>\n<div class=\"wpv-grid grid-1-3  wpv-first-level unextended\" style=\"padding-top:0px;padding-bottom:0px\" id=\"wpv-column-a37087afc83881cbbc916014b971964b\" ><div class=\"row \"><div class=\"wpv-grid grid-1-1  first unextended\" style=\"padding-top:0px;padding-bottom:0px\" id=\"wpv-column-4d59e1f46cfe351ddfb2c49365fd8637\" >\n<div  data-target=\"_self\" class=\"linkarea clearfix   background-transparent\">\n\t\t\t<div class=\"first\"><span class='icon shortcode   use-hover' style='font-size:56px !important;color:#0065bb;'>&#57419;<\/span><\/div>\n\t\t\t\t<div class=\"last\"><h3 style=\"text-align: center;\">ARRENDAMENTOS<\/h3>\n<h3 style=\"text-align: center;\">I DESNONAMENTS<\/h3>\n<div class=\"sep-2\"><\/div>\n<h4 style=\"text-align: center;\">El nostre despatx sempre ha prioritzat les demandes derivades d&#8217;arrendaments urbans.<\/h4>\n<h4 style=\"text-align: center;\">Nombrosos s\u00f3n els propietaris que s\u00f3n treballadors o jubilats i per completar el seu sou o pensi\u00f3 han hagut de llogar el seu pis.<\/h4>\n<h4 style=\"text-align: center;\">Tamb\u00e9 hem defensat a aquells propietaris que per no pagar la hipoteca han hagut de llogar el seu habitatge. Per a aquests sectors, tenim unes condicions especials, en qu\u00e8 prioritzem en una primera fase la recuperaci\u00f3 de l&#8217;habitatge i posteriorment reclamem les rendes meritades.<\/h4>\n<h4 style=\"text-align: center;\">En aquesta mat\u00e8ria, gr\u00e0cies a la const\u00e0ncia en el treball de recuperaci\u00f3 obtenim un percentatge elevat de recuperaci\u00f3 de les rendes degudes.<\/h4>\n<div class=\"push\" style='height:30px'><\/div>\n<p class=\"textcenter\"><a href=\"http:\/\/www.bufetespanol.es\/ca\/contactar\" target=\"_self\" style='font-size: 14px;' class=\"button vamtam-button accent2  button-border hover-accent2 \"><span class=\"btext\">CONTACTI AMB NOSALTRES \u2192<\/span><\/a><\/p> <div class=\"push\" style='height:20px'><\/div><\/div>\n\t<\/div><\/div><\/div><\/div>\n<div class=\"wpv-grid grid-1-3  wpv-first-level unextended\" style=\"padding-top:65px;padding-bottom:0px\" id=\"wpv-column-032922b2692450046c4ad3221acb40f9\" ><div class=\"row \"><div class=\"wpv-grid grid-1-1  first unextended\" style=\"padding-top:0px;padding-bottom:0px\" id=\"wpv-column-3a876f2173f9aef361a57bde228bf885\" >\n<div  data-target=\"_self\" class=\"linkarea clearfix   background-transparent\">\n\t\t\t<div class=\"first\"><span class='icon shortcode   use-hover' style='font-size:56px !important;color:#0065bb;'>&#57419;<\/span><\/div>\n\t\t\t\t<div class=\"last\"><h3 style=\"text-align: center;\">OCUPACIONS<br \/>\nIL\u00b7LEGALS<\/h3>\n<div class=\"sep-2\"><\/div>\n<h4 style=\"text-align: center;\">Una de les especialitats del despatx \u00e9s recuperar per als propietaris habitatges que han estat ocupats il\u00b7legalment.Pisos que estan buits perqu\u00e8 provenen d&#8217;una her\u00e8ncia, una segona resid\u00e8ncia que per q\u00fcestions de malaltia fa anys que no s&#8217;obre, una primera resid\u00e8ncia que el seu propietari est\u00e0 en una resid\u00e8ncia o simplement d&#8217;un inversor, s\u00f3n habitatges que en els \u00faltims anys s&#8217;estan ocupant amb freq\u00fc\u00e8ncia, Bufet Espanyol Moreda garanteix la recuperaci\u00f3 de l&#8217;immoble en tot just uns mesos.<\/h4>\n<div class=\"push\" style='height:30px'><\/div>\n<p class=\"textcenter\"><a href=\"http:\/\/www.bufetespanol.es\/ca\/contactar\" target=\"_self\" style='font-size: 14px;' class=\"button vamtam-button accent2  button-border hover-accent2 \"><span class=\"btext\">CONTACTI AMB NOSALTRES \u2192<\/span><\/a><\/p> <div class=\"push\" style='height:20px'><\/div><\/div>\n\t<\/div><\/div><\/div><\/div><\/div>\n<div class=\"row \"><div class=\"wpv-grid grid-1-1  wpv-first-level first unextended\" style=\"padding-top:0px;padding-bottom:0px\" id=\"wpv-column-f17c179bad4d533e4a50c5fbf322e9ce\" ><div class=\"push\" style='height:50px'><\/div>\n<p style=\"text-align: center;\"><span class=\"vamtam-font-style-1 with-color\">\u201cRapidesa i efic\u00e0cia\u201d<\/span><\/p>\n<p style=\"text-align: center;\">El seguiment dels expedients personalment als jutjats, ens ha perm\u00e8s obtenir uns resultats superiors a la mitjana ja que mantenim un contacte diari i personal amb els professionals de l&#8217;administraci\u00f3 de just\u00edcia. <div class=\"push\" style='height:10px'><\/div>\n<div class=\"push\" style='height:50px'><\/div><\/div><\/div>\n","protected":false},"excerpt":{"rendered":"<p>\u201cRapidesa i efic\u00e0cia\u201d El seguiment dels expedients personalment als jutjats, ens ha perm\u00e8s obtenir uns resultats superiors a la mitjana ja que mantenim un contacte diari i personal amb els professionals de l&#8217;administraci\u00f3 de just\u00edcia.<\/p>\n","protected":false},"author":1,"featured_media":0,"parent":0,"menu_order":0,"comment_status":"closed","ping_status":"open","template":"","meta":{"footnotes":""},"class_list":["post-12125","page","type-page","status-publish","hentry"],"_links":{"self":[{"href":"https:\/\/bufetespanol.es\/ca\/wp-json\/wp\/v2\/pages\/12125","targetHints":{"allow":["GET"]}}],"collection":[{"href":"https:\/\/bufetespanol.es\/ca\/wp-json\/wp\/v2\/pages"}],"about":[{"href":"https:\/\/bufetespanol.es\/ca\/wp-json\/wp\/v2\/types\/page"}],"author":[{"embeddable":true,"href":"https:\/\/bufetespanol.es\/ca\/wp-json\/wp\/v2\/users\/1"}],"replies":[{"embeddable":true,"href":"https:\/\/bufetespanol.es\/ca\/wp-json\/wp\/v2\/comments?post=12125"}],"version-history":[{"count":6,"href":"https:\/\/bufetespanol.es\/ca\/wp-json\/wp\/v2\/pages\/12125\/revisions"}],"predecessor-version":[{"id":12132,"href":"https:\/\/bufetespanol.es\/ca\/wp-json\/wp\/v2\/pages\/12125\/revisions\/12132"}],"wp:attachment":[{"href":"https:\/\/bufetespanol.es\/ca\/wp-json\/wp\/v2\/media?parent=12125"}],"curies":[{"name":"wp","href":"https:\/\/api.w.org\/{rel}","templated":true}]}}