{"id":12115,"date":"2019-04-05T11:39:04","date_gmt":"2019-04-05T09:39:04","guid":{"rendered":"http:\/\/www.bufetespanol.es\/?page_id=12115"},"modified":"2021-11-09T09:21:18","modified_gmt":"2021-11-09T08:21:18","slug":"contactar","status":"publish","type":"page","link":"https:\/\/bufetespanol.es\/ca\/contactar\/","title":{"rendered":"Contactar"},"content":{"rendered":"<div class=\"row \"><div class=\"wpv-grid grid-1-1  wpv-first-level first unextended\" style=\"padding-top:0px;padding-bottom:0px\" id=\"wpv-column-2a17fc94c2818f631b3f8cd404a6acdc\" >\t\t<h2 class=\"text-divider-double\">\t\t\tSom a Barcelona i Madrid\t\t<\/h2>\t\t<div class=\"sep\"><\/div>\t<div class=\"row \"><div class=\"wpv-grid grid-1-1  first unextended animation-fade-in animated-active\" style=\"padding-top:0px;padding-bottom:0px\" id=\"wpv-column-bf7dda3568b030c5f319a585d9abb61c\" ><div class=\"push\" style='margin-bottom:-30px'><\/div>\n<p style=\"text-align: center;\">Truqui&#8217;ns per concertar una cita o b\u00e9 contacti a trav\u00e9s del nostre formulari.<br \/>\n<div class=\"push\" style='height:30px'><\/div><\/div><\/div>\n<div class=\"row \"><div class=\"wpv-grid grid-1-3  first unextended animation-fade-in animated-active\" style=\"padding-top:0px;padding-bottom:0px\" id=\"wpv-column-3370a46939222505aa31304e0befda5b\" ><p style=\"text-align: center;\"><span class='icon shortcode theme  use-hover' style='font-size:32px !important;color:#0065bb;'>&#57547;<\/span>\n<p style=\"text-align: center;\">Paseo de la Castellana, 79. 6a planta.<br \/>\n28046 Madrid<br \/>\n<a href=\"https:\/\/www.google.com\/maps\/search\/Paseo+de+la+Castellana,+79.+6%C2%AA+planta++madrid\/@40.4535716,-3.6959485,16z\/data=!3m1!4b1\" target=\"_blank\" rel=\"noopener noreferrer\">MADRID\u00a0\u2192<\/a><\/div>\n<div class=\"wpv-grid grid-1-3  unextended animation-fade-in animated-active\" style=\"padding-top:0px;padding-bottom:0px\" id=\"wpv-column-0f4b75c7f1c33dc1df8d3c258685269c\" ><p style=\"text-align: center;\"><span class='icon shortcode theme  use-hover' style='font-size:32px !important;color:#0065bb;'>&#57547;<\/span>\n<p style=\"text-align: center;\">Avinguda Burgos, 29. 1a planta.<br \/>\n08100 Mollet del Vall\u00e8s (Barcelona)<br \/>\n<a href=\"https:\/\/www.google.com\/maps\/place\/Bufet+Espa\u00f1ol+Moreda+Abogados\/@41.5361114,2.2079467,17z\/data=!3m1!4b1!4m5!3m4!1s0x12a4bed91234f939:0x417766821ca79ad0!8m2!3d41.5361074!4d2.2101354\" target=\"_blank\" rel=\"noopener noreferrer\">BARCELONA\u00a0\u2192<\/a><\/div>\n<div class=\"wpv-grid grid-1-3  unextended animation-fade-in animated-active\" style=\"padding-top:0px;padding-bottom:0px\" id=\"wpv-column-80f91861e02329489f91e1163ed990e6\" ><p style=\"text-align: center;\"><span class='icon shortcode theme  use-hover' style='font-size:32px !important;color:#0065bb;'>&#57547;<\/span>\n<p style=\"text-align: center;\">Avda. del Carrilet, 3 Edific. D &#8211; Planta 2\u00aa Ciutat de la Justicia de Barcelona i L&#8217;Hospitalet de Llobregat<br \/>\n08902- L&#8217;Hospitalet (Barcelona)<br \/>\n<a href=\"https:\/\/goo.gl\/maps\/7EnnnL7M7iZUwnXVA\" target=\"_blank\" rel=\"noopener noreferrer\">L&#8217;HOSPITALET DE LLOBREGAT \u2192<\/a><\/div><\/div>\n<div class=\"row \"><div class=\"wpv-grid grid-1-3  first unextended animation-fade-in animated-active\" style=\"padding-top:0px;padding-bottom:0px\" id=\"wpv-column-5d4c6702ee6b588cf0ef127e38cf79b3\" ><p style=\"text-align: center;\"><span class='icon shortcode theme  use-hover' style='font-size:32px !important;color:#0065bb;'>&#57530;<\/span>\n<p style=\"text-align: center;\">DE DILLUNS A DIJOUS: 09:00 a 15:30 i de 16:00 a 18:00<br \/>\nDIVENDRES: 09:00 a 15:30<\/div>\n<div class=\"wpv-grid grid-1-3  unextended animation-fade-in animated-active\" style=\"padding-top:0px;padding-bottom:0px\" id=\"wpv-column-35fa31bdd6b61483a3e5f1828fc202b6\" ><p style=\"text-align: center;\"><span class='icon shortcode theme  use-hover' style='font-size:32px !important;color:#0065bb;'>&#57471;<\/span>\n<p style=\"text-align: center;\">Tels.: 93 570 73 09 \u00b7 93 716 12 75<\/div>\n<div class=\"wpv-grid grid-1-3  unextended animation-fade-in animated-active\" style=\"padding-top:0px;padding-bottom:0px\" id=\"wpv-column-6f4f801f8ba191939be444521aa1b4c6\" ><p style=\"text-align: center;\"><span class='icon shortcode   use-hover' style='font-size:32px !important;color:#0065bb;'>&#57589;<\/span>\n<p style=\"text-align: center;\">VIDEOCONSULTA<br \/>\n<a href=\"https:\/\/www.bufetespanol.es\/ca\/calendari-videoconsultes\/\">Reservi cita per a la seva videoconsulta gratu\u00efta<\/a><\/div><\/div>\n<div class=\"push\" style='margin-bottom:-40px'><\/div>\n<div class=\"sep-3\"><\/div>\n<div class=\"row \"><div class=\"wpv-grid grid-1-1  first unextended animation-zoom-in animated-active\" style=\"padding-top:0px;padding-bottom:0px\" id=\"wpv-column-8eef0cd4e0f94a09806ff4334d95f0ae\" ><div class=\"push\" style='margin-bottom:-10px'><\/div>\n<p style=\"text-align: center;\"><a href=\"#\"> <span class='icon shortcode   use-hover' style='font-size:16px !important;color:#D8D8D8;'>&#58155;<\/span><\/a> \u00a0\u00a0\u00a0<a href=\"#\"><span class='icon shortcode   use-hover' style='font-size:16px !important;color:#D8D8D8;'>&#58159;<\/span><\/a> \u00a0\u00a0\u00a0<a href=\"#\"><span class='icon shortcode   use-hover' style='font-size:16px !important;color:#D8D8D8;'>&#58165;<\/span><\/a> <div class=\"push\" style='height:20px'><\/div><\/div><\/div><\/div><\/div>\n<div class=\"row \"><div class=\"wpv-grid grid-1-1  wpv-first-level first has-background extended\" style=\"background-color:#cbcaca;padding-top:60px;padding-bottom:30px\" id=\"wpv-column-7d6e91e1c63013f23bd7f54c9a21fcc3\" ><div class=\"extended-column-inner\"><style>#wpv-column-7d6e91e1c63013f23bd7f54c9a21fcc3 p,#wpv-column-7d6e91e1c63013f23bd7f54c9a21fcc3 em,#wpv-column-7d6e91e1c63013f23bd7f54c9a21fcc3 .column-title,#wpv-column-7d6e91e1c63013f23bd7f54c9a21fcc3 .sep-text h2.regular-title-wrapper,#wpv-column-7d6e91e1c63013f23bd7f54c9a21fcc3 .text-divider-double,#wpv-column-7d6e91e1c63013f23bd7f54c9a21fcc3 .sep-text .sep-text-line,#wpv-column-7d6e91e1c63013f23bd7f54c9a21fcc3 .sep,#wpv-column-7d6e91e1c63013f23bd7f54c9a21fcc3 .sep-2,#wpv-column-7d6e91e1c63013f23bd7f54c9a21fcc3 .sep-3,#wpv-column-7d6e91e1c63013f23bd7f54c9a21fcc3 td,#wpv-column-7d6e91e1c63013f23bd7f54c9a21fcc3 th,#wpv-column-7d6e91e1c63013f23bd7f54c9a21fcc3 caption{color:#4c4a4a;}#wpv-column-7d6e91e1c63013f23bd7f54c9a21fcc3:before{background-color:transparent;}<\/style><div class=\"row \"><div class=\"wpv-grid grid-1-1  first unextended animation-fade-in animated-active\" style=\"padding-top:0px;padding-bottom:0px\" id=\"wpv-column-f2c3fc1468edd57d7fcf2fb8950583d8\" ><div class=\"push\" style='margin-bottom:-30px'><\/div>\n<p style=\"text-align: center;\"><div class=\"wpforms-container wpforms-container-full\" id=\"wpforms-12244\"><form id=\"wpforms-form-12244\" class=\"wpforms-validate wpforms-form\" data-formid=\"12244\" method=\"post\" enctype=\"multipart\/form-data\" action=\"\/ca\/wp-json\/wp\/v2\/pages\/12115\" data-token=\"efdf7f417795c6aa8684dc81b5e55e71\" data-token-time=\"1777121841\"><noscript class=\"wpforms-error-noscript\">Activeu el JavaScript al navegador per a poder completar el formulari.<\/noscript><div class=\"wpforms-field-container\"><div id=\"wpforms-12244-field_1-container\" class=\"wpforms-field wpforms-field-name wpforms-one-half wpforms-one-fourth wpforms-first\" data-field-id=\"1\"><label class=\"wpforms-field-label wpforms-label-hide\" for=\"wpforms-12244-field_1\">Nom <span class=\"wpforms-required-label\">*<\/span><\/label><input type=\"text\" id=\"wpforms-12244-field_1\" class=\"wpforms-field-large wpforms-field-required\" name=\"wpforms[fields][1]\" placeholder=\"Nom\" required><\/div><div id=\"wpforms-12244-field_2-container\" class=\"wpforms-field wpforms-field-email wpforms-one-fourth\" data-field-id=\"2\"><label class=\"wpforms-field-label wpforms-label-hide\" for=\"wpforms-12244-field_2\">Correu electr\u00f2nic <span class=\"wpforms-required-label\">*<\/span><\/label><input type=\"email\" id=\"wpforms-12244-field_2\" class=\"wpforms-field-large wpforms-field-required\" name=\"wpforms[fields][2]\" placeholder=\"Correu electr\u00f2nic\" spellcheck=\"false\" required><\/div><div id=\"wpforms-12244-field_4-container\" class=\"wpforms-field wpforms-field-text wpforms-one-fourth\" data-field-id=\"4\"><label class=\"wpforms-field-label wpforms-label-hide\" for=\"wpforms-12244-field_4\">Tel\u00e8fon<\/label><input type=\"text\" id=\"wpforms-12244-field_4\" class=\"wpforms-field-large\" name=\"wpforms[fields][4]\" placeholder=\"Tel\u00e8fon\" ><\/div><div id=\"wpforms-12244-field_3-container\" class=\"wpforms-field wpforms-field-select wpforms-one-fourth wpforms-field-select-style-classic\" data-field-id=\"3\"><label class=\"wpforms-field-label wpforms-label-hide\" for=\"wpforms-12244-field_3\">Tema... <span class=\"wpforms-required-label\">*<\/span><\/label><select id=\"wpforms-12244-field_3\" class=\"wpforms-field-large wpforms-field-required\" name=\"wpforms[fields][3]\" required=\"required\"><option value=\"\" class=\"placeholder\" disabled  selected='selected'>Tema...<\/option><option value=\"Dret bancari i immobiliari\"  class=\"choice-1 depth-1\"  >Dret bancari i immobiliari<\/option><option value=\"Arrendaments i desnonaments\"  class=\"choice-2 depth-1\"  >Arrendaments i desnonaments<\/option><option value=\"Ocupacions il\u00b7legals\"  class=\"choice-3 depth-1\"  >Ocupacions il\u00b7legals<\/option><option value=\"Reclamaci\u00f3 d&#039;hipoteques\"  class=\"choice-4 depth-1\"  >Reclamaci\u00f3 d'hipoteques<\/option><option value=\"Pr\u00e9stecs\"  class=\"choice-5 depth-1\"  >Pr\u00e9stecs<\/option><option value=\"Reclamaci\u00f3 d&#039;indemnitzacions\"  class=\"choice-6 depth-1\"  >Reclamaci\u00f3 d'indemnitzacions<\/option><option value=\"Altres...\"  class=\"choice-7 depth-1\"  >Altres...<\/option><\/select><\/div><div id=\"wpforms-12244-field_6-container\" class=\"wpforms-field wpforms-field-textarea\" data-field-id=\"6\"><label class=\"wpforms-field-label wpforms-label-hide\" for=\"wpforms-12244-field_6\">Descriviu la vostra consulta...<\/label><textarea id=\"wpforms-12244-field_6\" class=\"wpforms-field-medium\" name=\"wpforms[fields][6]\" placeholder=\"Descriviu la vostra consulta...\" ><\/textarea><\/div><div id=\"wpforms-12244-field_5-container\" class=\"wpforms-field wpforms-field-checkbox\" data-field-id=\"5\"><label class=\"wpforms-field-label\">Caselles de verificaci\u00f3 <span class=\"wpforms-required-label\">*<\/span><\/label><ul id=\"wpforms-12244-field_5\" class=\"wpforms-field-required\"><li class=\"choice-1 depth-1 wpforms-selected\"><input type=\"checkbox\" id=\"wpforms-12244-field_5_1\" name=\"wpforms[fields][5][]\" value=\"He llegit i accepto la Pol\u00edtica de Privadesa.\" required  checked='checked'><label class=\"wpforms-field-label-inline\" for=\"wpforms-12244-field_5_1\">He llegit i accepto la Pol\u00edtica de Privadesa.<\/label><\/li><\/ul><div class=\"wpforms-field-description\">El responsable de l'arxiu, Bufet Espa\u00f1ol Moreda, usar\u00e0 aquesta informaci\u00f3 per respondre a les sol\u00b7licituds de contacte. Les dades enviades es guardaran a Arsys.es dins de la Uni\u00f3 Europea. Pot accedir, rectificar o suprimir els mateixos si ho desitja.<\/div><\/div><\/div><!-- .wpforms-field-container --><div class=\"wpforms-recaptcha-container wpforms-is-recaptcha wpforms-is-recaptcha-type-v2\" ><div class=\"g-recaptcha\" data-sitekey=\"6Ldavj4gAAAAALP_F1zxx2pYnj9mHtWiP39aUhoY\"><\/div><input type=\"text\" name=\"g-recaptcha-hidden\" class=\"wpforms-recaptcha-hidden\" style=\"position:absolute!important;clip:rect(0,0,0,0)!important;height:1px!important;width:1px!important;border:0!important;overflow:hidden!important;padding:0!important;margin:0!important;\" data-rule-recaptcha=\"1\"><\/div><div class=\"wpforms-submit-container\" ><input type=\"hidden\" name=\"wpforms[id]\" value=\"12244\"><input type=\"hidden\" name=\"page_title\" value=\"\"><input type=\"hidden\" name=\"page_url\" value=\"https:\/\/bufetespanol.es\/ca\/wp-json\/wp\/v2\/pages\/12115\"><input type=\"hidden\" name=\"url_referer\" value=\"\"><button type=\"submit\" name=\"wpforms[submit]\" id=\"wpforms-submit-12244\" class=\"wpforms-submit\" data-alt-text=\"Enviant...\" data-submit-text=\"Enviar\" aria-live=\"assertive\" value=\"wpforms-submit\">Enviar<\/button><\/div><\/form><\/div>  <!-- .wpforms-container --><br \/>\n<div class=\"push\" style='height:30px'><\/div><\/div><\/div><\/div><\/div><\/div>\n","protected":false},"excerpt":{"rendered":"<p>Truqui&#8217;ns per concertar una cita o b\u00e9 contacti a trav\u00e9s del nostre formulari. Paseo de la Castellana, 79. 6a planta. 28046 Madrid MADRID\u00a0\u2192 Avinguda Burgos, 29. 1a planta. 08100 Mollet del Vall\u00e8s (Barcelona) BARCELONA\u00a0\u2192 Avda. del Carrilet, 3 Edific. D &#8211; Planta 2\u00aa Ciutat de la Justicia de Barcelona i L&#8217;Hospitalet de Llobregat 08902- L&#8217;Hospitalet&#8230;<\/p>\n","protected":false},"author":1,"featured_media":0,"parent":0,"menu_order":3,"comment_status":"closed","ping_status":"closed","template":"","meta":{"footnotes":""},"class_list":["post-12115","page","type-page","status-publish","hentry"],"_links":{"self":[{"href":"https:\/\/bufetespanol.es\/ca\/wp-json\/wp\/v2\/pages\/12115","targetHints":{"allow":["GET"]}}],"collection":[{"href":"https:\/\/bufetespanol.es\/ca\/wp-json\/wp\/v2\/pages"}],"about":[{"href":"https:\/\/bufetespanol.es\/ca\/wp-json\/wp\/v2\/types\/page"}],"author":[{"embeddable":true,"href":"https:\/\/bufetespanol.es\/ca\/wp-json\/wp\/v2\/users\/1"}],"replies":[{"embeddable":true,"href":"https:\/\/bufetespanol.es\/ca\/wp-json\/wp\/v2\/comments?post=12115"}],"version-history":[{"count":17,"href":"https:\/\/bufetespanol.es\/ca\/wp-json\/wp\/v2\/pages\/12115\/revisions"}],"predecessor-version":[{"id":12283,"href":"https:\/\/bufetespanol.es\/ca\/wp-json\/wp\/v2\/pages\/12115\/revisions\/12283"}],"wp:attachment":[{"href":"https:\/\/bufetespanol.es\/ca\/wp-json\/wp\/v2\/media?parent=12115"}],"curies":[{"name":"wp","href":"https:\/\/api.w.org\/{rel}","templated":true}]}}