{"id":12108,"date":"2019-04-05T11:14:18","date_gmt":"2019-04-05T09:14:18","guid":{"rendered":"http:\/\/www.bufetespanol.es\/?page_id=12108"},"modified":"2021-11-08T17:46:15","modified_gmt":"2021-11-08T16:46:15","slug":"inici","status":"publish","type":"page","link":"https:\/\/bufetespanol.es\/ca\/","title":{"rendered":"Inici"},"content":{"rendered":"<div class=\"row \"><div class=\"wpv-grid grid-1-1 move-into-slider add-border wpv-first-level first has-background unextended\" style=\"background-color:#ffffff;padding-top:20px;padding-bottom:20px\" id=\"intro\" ><style>#intro p,#intro em,#intro .column-title,#intro .sep-text h2.regular-title-wrapper,#intro .text-divider-double,#intro .sep-text .sep-text-line,#intro .sep,#intro .sep-2,#intro .sep-3,#intro td,#intro th,#intro caption{color:#808080;}#intro:before{background-color:transparent;}<\/style><div class=\"row \"><div class=\"wpv-grid grid-1-4  first unextended animation-from-bottom animated-active\" style=\"padding-top:0px;padding-bottom:0px\" id=\"wpv-column-7a1dc8656e0c627734f9fc449e11d306\" ><div class=\"row \"><div class=\"wpv-grid grid-1-1  first unextended\" style=\"padding-top:0px;padding-bottom:0px\" id=\"wpv-column-ff141742d48dbc45b964b07bca1ca88e\" ><div class=\"wpv-progress number\" data-number=\"1700\" style=\"color:#4A4F55\"><span>0<\/span><\/div><\/div><\/div>\n<div class=\"row \"><div class=\"wpv-grid grid-1-1  first unextended\" style=\"padding-top:0px;padding-bottom:0px\" id=\"wpv-column-81e032a07f5a411a214bde96be5b7732\" ><h5 style=\"text-align: center;\"><span class=\"accent-1\">CLIENTS CONFIEN EN NOSALTRES<\/span><\/h5><\/div><\/div><\/div>\n<div class=\"wpv-grid grid-1-4  unextended left-border animation-from-bottom animated-active\" style=\"padding-top:0px;padding-bottom:0px\" id=\"wpv-column-5076a67aaa3b1e3139f08f813a7704ff\" ><style>#wpv-column-5076a67aaa3b1e3139f08f813a7704ff:before{background-color:#d8d8d8;}<\/style><div class=\"row \"><div class=\"wpv-grid grid-1-1  first unextended\" style=\"padding-top:0px;padding-bottom:0px\" id=\"wpv-column-d54bedc497088d87f2e0bc578d55a0f3\" ><h3 style=\"text-align: center;\">+ de 20 anys<\/h3>\n<h5 style=\"text-align: center;\"><span class=\"accent-1\">D&#8217;EXPERI\u00c8NCIA<\/span><\/h5><\/div><\/div><\/div>\n<div class=\"wpv-grid grid-1-4  unextended left-border animation-from-bottom animated-active\" style=\"padding-top:0px;padding-bottom:0px\" id=\"wpv-column-1687b62aa9718eb4bd4f7703b973ab1e\" ><style>#wpv-column-1687b62aa9718eb4bd4f7703b973ab1e:before{background-color:#d8d8d8;}<\/style><div class=\"row \"><div class=\"wpv-grid grid-1-1  first unextended\" style=\"padding-top:0px;padding-bottom:0px\" id=\"wpv-column-c7361f11ad6ff9fe0c5789444547089d\" ><h3 style=\"text-align: center;\">200 milions d&#8217;euros<\/h3>\n<h5 style=\"text-align: center;\"><span class=\"accent-1\">RECUPERATS<\/span><\/h5><\/div><\/div><\/div>\n<div class=\"wpv-grid grid-1-4  unextended left-border animation-from-bottom animated-active\" style=\"padding-top:0px;padding-bottom:0px\" id=\"wpv-column-ab074e98c828176b266ed872f3ac1c6f\" ><style>#wpv-column-ab074e98c828176b266ed872f3ac1c6f:before{background-color:#d8d8d8;}<\/style><div class=\"row \"><div class=\"wpv-grid grid-1-1  first unextended\" style=\"padding-top:0px;padding-bottom:0px\" id=\"wpv-column-37d0e55888e987c42439aa733a8cd23e\" ><h3 style=\"text-align: center;\">3.000 habitatges ocupats<\/h3>\n<h5 style=\"text-align: center;\"><span class=\"accent-1\">HAN ESTAT RECUPERATS<\/span><\/h5><\/div><\/div><\/div><\/div><\/div><\/div>\n<div class=\"push\" style='height:50px'><\/div>\n<div class=\"row \"><div class=\"wpv-grid grid-1-1  wpv-first-level parallax-bg first has-background extended\" style=\"background-color:#dadada;padding-top:0px;padding-bottom:50px\" id=\"REQUEST-CONSULTATION\"  data-parallax-method=\"to-centre\" data-parallax-inertia=\"-0.2\"><div class=\"extended-column-inner\"><style>#REQUEST-CONSULTATION p,#REQUEST-CONSULTATION em,#REQUEST-CONSULTATION .column-title,#REQUEST-CONSULTATION .sep-text h2.regular-title-wrapper,#REQUEST-CONSULTATION .text-divider-double,#REQUEST-CONSULTATION .sep-text .sep-text-line,#REQUEST-CONSULTATION .sep,#REQUEST-CONSULTATION .sep-2,#REQUEST-CONSULTATION .sep-3,#REQUEST-CONSULTATION td,#REQUEST-CONSULTATION th,#REQUEST-CONSULTATION caption{color:#5b5b5b;}#REQUEST-CONSULTATION:before{background-color:transparent;}<\/style>\t\t<h2 class=\"text-divider-double\">\t\t\t\nENVI\u00cf&#8217;NS LA SEVA CONSULTA\t\t<\/h2>\t\t<div class=\"sep\"><\/div>\t\n<div class=\"row \"><div class=\"wpv-grid grid-1-1  first unextended\" style=\"padding-top:0px;padding-bottom:0px\" id=\"wpv-column-eca9ebec3f06bebf2c2cbda754d8a379\" ><div class=\"push\" style='margin-bottom:-20px'><\/div>\n<p style=\"text-align: center;\">Ompli el formulari i li contestarem el m\u00e9s aviat possible.<\/p>\n<div class=\"push\" style='height:20px'><\/div><\/div><\/div>\n<div class=\"row \"><div class=\"wpv-grid grid-1-1  first unextended\" style=\"padding-top:0px;padding-bottom:0px\" id=\"wpv-column-275f242c8f3836a403c98ada9fc7d81e\" ><div class=\"push\" style='margin-bottom:-20px'><\/div>\n<p style=\"text-align: center;\"><div class=\"wpforms-container wpforms-container-full\" id=\"wpforms-12244\"><form id=\"wpforms-form-12244\" class=\"wpforms-validate wpforms-form\" data-formid=\"12244\" method=\"post\" enctype=\"multipart\/form-data\" action=\"\/ca\/wp-json\/wp\/v2\/pages\/12108\" data-token=\"efdf7f417795c6aa8684dc81b5e55e71\" data-token-time=\"1777116104\"><noscript class=\"wpforms-error-noscript\">Activeu el JavaScript al navegador per a poder completar el formulari.<\/noscript><div class=\"wpforms-field-container\"><div id=\"wpforms-12244-field_1-container\" class=\"wpforms-field wpforms-field-name wpforms-one-half wpforms-one-fourth wpforms-first\" data-field-id=\"1\"><label class=\"wpforms-field-label wpforms-label-hide\" for=\"wpforms-12244-field_1\">Nom <span class=\"wpforms-required-label\">*<\/span><\/label><input type=\"text\" id=\"wpforms-12244-field_1\" class=\"wpforms-field-large wpforms-field-required\" name=\"wpforms[fields][1]\" placeholder=\"Nom\" required><\/div><div id=\"wpforms-12244-field_2-container\" class=\"wpforms-field wpforms-field-email wpforms-one-fourth\" data-field-id=\"2\"><label class=\"wpforms-field-label wpforms-label-hide\" for=\"wpforms-12244-field_2\">Correu electr\u00f2nic <span class=\"wpforms-required-label\">*<\/span><\/label><input type=\"email\" id=\"wpforms-12244-field_2\" class=\"wpforms-field-large wpforms-field-required\" name=\"wpforms[fields][2]\" placeholder=\"Correu electr\u00f2nic\" spellcheck=\"false\" required><\/div><div id=\"wpforms-12244-field_4-container\" class=\"wpforms-field wpforms-field-text wpforms-one-fourth\" data-field-id=\"4\"><label class=\"wpforms-field-label wpforms-label-hide\" for=\"wpforms-12244-field_4\">Tel\u00e8fon<\/label><input type=\"text\" id=\"wpforms-12244-field_4\" class=\"wpforms-field-large\" name=\"wpforms[fields][4]\" placeholder=\"Tel\u00e8fon\" ><\/div><div id=\"wpforms-12244-field_3-container\" class=\"wpforms-field wpforms-field-select wpforms-one-fourth wpforms-field-select-style-classic\" data-field-id=\"3\"><label class=\"wpforms-field-label wpforms-label-hide\" for=\"wpforms-12244-field_3\">Tema... <span class=\"wpforms-required-label\">*<\/span><\/label><select id=\"wpforms-12244-field_3\" class=\"wpforms-field-large wpforms-field-required\" name=\"wpforms[fields][3]\" required=\"required\"><option value=\"\" class=\"placeholder\" disabled  selected='selected'>Tema...<\/option><option value=\"Dret bancari i immobiliari\"  class=\"choice-1 depth-1\"  >Dret bancari i immobiliari<\/option><option value=\"Arrendaments i desnonaments\"  class=\"choice-2 depth-1\"  >Arrendaments i desnonaments<\/option><option value=\"Ocupacions il\u00b7legals\"  class=\"choice-3 depth-1\"  >Ocupacions il\u00b7legals<\/option><option value=\"Reclamaci\u00f3 d&#039;hipoteques\"  class=\"choice-4 depth-1\"  >Reclamaci\u00f3 d'hipoteques<\/option><option value=\"Pr\u00e9stecs\"  class=\"choice-5 depth-1\"  >Pr\u00e9stecs<\/option><option value=\"Reclamaci\u00f3 d&#039;indemnitzacions\"  class=\"choice-6 depth-1\"  >Reclamaci\u00f3 d'indemnitzacions<\/option><option value=\"Altres...\"  class=\"choice-7 depth-1\"  >Altres...<\/option><\/select><\/div><div id=\"wpforms-12244-field_6-container\" class=\"wpforms-field wpforms-field-textarea\" data-field-id=\"6\"><label class=\"wpforms-field-label wpforms-label-hide\" for=\"wpforms-12244-field_6\">Descriviu la vostra consulta...<\/label><textarea id=\"wpforms-12244-field_6\" class=\"wpforms-field-medium\" name=\"wpforms[fields][6]\" placeholder=\"Descriviu la vostra consulta...\" ><\/textarea><\/div><div id=\"wpforms-12244-field_5-container\" class=\"wpforms-field wpforms-field-checkbox\" data-field-id=\"5\"><label class=\"wpforms-field-label\">Caselles de verificaci\u00f3 <span class=\"wpforms-required-label\">*<\/span><\/label><ul id=\"wpforms-12244-field_5\" class=\"wpforms-field-required\"><li class=\"choice-1 depth-1 wpforms-selected\"><input type=\"checkbox\" id=\"wpforms-12244-field_5_1\" name=\"wpforms[fields][5][]\" value=\"He llegit i accepto la Pol\u00edtica de Privadesa.\" required  checked='checked'><label class=\"wpforms-field-label-inline\" for=\"wpforms-12244-field_5_1\">He llegit i accepto la Pol\u00edtica de Privadesa.<\/label><\/li><\/ul><div class=\"wpforms-field-description\">El responsable de l'arxiu, Bufet Espa\u00f1ol Moreda, usar\u00e0 aquesta informaci\u00f3 per respondre a les sol\u00b7licituds de contacte. Les dades enviades es guardaran a Arsys.es dins de la Uni\u00f3 Europea. Pot accedir, rectificar o suprimir els mateixos si ho desitja.<\/div><\/div><\/div><!-- .wpforms-field-container --><div class=\"wpforms-recaptcha-container wpforms-is-recaptcha wpforms-is-recaptcha-type-v2\" ><div class=\"g-recaptcha\" data-sitekey=\"6Ldavj4gAAAAALP_F1zxx2pYnj9mHtWiP39aUhoY\"><\/div><input type=\"text\" name=\"g-recaptcha-hidden\" class=\"wpforms-recaptcha-hidden\" style=\"position:absolute!important;clip:rect(0,0,0,0)!important;height:1px!important;width:1px!important;border:0!important;overflow:hidden!important;padding:0!important;margin:0!important;\" data-rule-recaptcha=\"1\"><\/div><div class=\"wpforms-submit-container\" ><input type=\"hidden\" name=\"wpforms[id]\" value=\"12244\"><input type=\"hidden\" name=\"page_title\" value=\"\"><input type=\"hidden\" name=\"page_url\" value=\"https:\/\/bufetespanol.es\/ca\/wp-json\/wp\/v2\/pages\/12108\"><input type=\"hidden\" name=\"url_referer\" value=\"\"><button type=\"submit\" name=\"wpforms[submit]\" id=\"wpforms-submit-12244\" class=\"wpforms-submit\" data-alt-text=\"Enviant...\" data-submit-text=\"Enviar\" aria-live=\"assertive\" value=\"wpforms-submit\">Enviar<\/button><\/div><\/form><\/div>  <!-- .wpforms-container --><\/p>\n<div class=\"push\" style='height:20px'><\/div><\/div><\/div><\/div><\/div><\/div>\n<div class=\"push\" style='height:50px'><\/div>\n<div class=\"row \"><div class=\"wpv-grid grid-1-1  wpv-first-level parallax-bg first has-background extended\" style=\"background-color:#dadada;padding-top:0px;padding-bottom:50px\" id=\"wpv-column-db6fca26b4dc5a25a587ad09bef69ddc\"  data-parallax-method=\"to-centre\" data-parallax-inertia=\"-0.2\"><div class=\"extended-column-inner\"><style>#wpv-column-db6fca26b4dc5a25a587ad09bef69ddc p,#wpv-column-db6fca26b4dc5a25a587ad09bef69ddc em,#wpv-column-db6fca26b4dc5a25a587ad09bef69ddc .column-title,#wpv-column-db6fca26b4dc5a25a587ad09bef69ddc .sep-text h2.regular-title-wrapper,#wpv-column-db6fca26b4dc5a25a587ad09bef69ddc .text-divider-double,#wpv-column-db6fca26b4dc5a25a587ad09bef69ddc .sep-text .sep-text-line,#wpv-column-db6fca26b4dc5a25a587ad09bef69ddc .sep,#wpv-column-db6fca26b4dc5a25a587ad09bef69ddc .sep-2,#wpv-column-db6fca26b4dc5a25a587ad09bef69ddc .sep-3,#wpv-column-db6fca26b4dc5a25a587ad09bef69ddc td,#wpv-column-db6fca26b4dc5a25a587ad09bef69ddc th,#wpv-column-db6fca26b4dc5a25a587ad09bef69ddc caption{color:#5b5b5b;}#wpv-column-db6fca26b4dc5a25a587ad09bef69ddc:before{background-color:transparent;}<\/style>\t\t<div class=\"sep-text single centered\">\n\t\t\t\t\t\t\t<span class=\"sep-text-before\"><div class=\"sep-text-line\"><\/div><\/span>\n\t\t\t\t\t\t<div class=\"content\">\n\t\t\t\t<h2 class=\"text-divider-double\">CONTACTEU PER VIDEOTRUCADA<\/h2>\t\t\t<\/div>\n\t\t\t<span class=\"sep-text-after\"><div class=\"sep-text-line\"><\/div><\/span>\n\t\t\t\t\t<\/div>\n\t<div class=\"row \"><div class=\"wpv-grid grid-1-1  first unextended\" style=\"padding-top:0px;padding-bottom:0px\" id=\"wpv-column-3c848f92e86bc668acf716ac68daafa0\" ><div class=\"push\" style='margin-bottom:-20px'><\/div>\n<p style=\"text-align: center;\"><p class=\"textcenter\"><a href=\"https:\/\/www.bufetespanol.es\/ca\/calendari-videoconsultes\" target=\"_self\" style='font-size: 20px;' class=\"button vamtam-button accent1  button-filled-small hover-accent6 \"><span class='icon shortcode   use-hover' style='font-size:28px !important;color:#ffffff;'>&#57589;<\/span><span class=\"btext\">Reservar videoconsulta<\/span><\/a><\/p>\n<p style=\"text-align: center;\">Consulti el nostre calendari i reservi una cita gratu\u00efta de 45 minuts.<\/p>\n<div class=\"push\" style='height:20px'><\/div><\/div><\/div><\/div><\/div><\/div>\n","protected":false},"excerpt":{"rendered":"<p>CLIENTS CONFIEN EN NOSALTRES + de 20 anys D&#8217;EXPERI\u00c8NCIA 200 milions d&#8217;euros RECUPERATS 3.000 habitatges ocupats HAN ESTAT RECUPERATS Ompli el formulari i li contestarem el m\u00e9s aviat possible. Consulti el nostre calendari i reservi una cita gratu\u00efta de 45 minuts.<\/p>\n","protected":false},"author":1,"featured_media":0,"parent":0,"menu_order":0,"comment_status":"closed","ping_status":"closed","template":"","meta":{"footnotes":""},"class_list":["post-12108","page","type-page","status-publish","hentry"],"_links":{"self":[{"href":"https:\/\/bufetespanol.es\/ca\/wp-json\/wp\/v2\/pages\/12108","targetHints":{"allow":["GET"]}}],"collection":[{"href":"https:\/\/bufetespanol.es\/ca\/wp-json\/wp\/v2\/pages"}],"about":[{"href":"https:\/\/bufetespanol.es\/ca\/wp-json\/wp\/v2\/types\/page"}],"author":[{"embeddable":true,"href":"https:\/\/bufetespanol.es\/ca\/wp-json\/wp\/v2\/users\/1"}],"replies":[{"embeddable":true,"href":"https:\/\/bufetespanol.es\/ca\/wp-json\/wp\/v2\/comments?post=12108"}],"version-history":[{"count":13,"href":"https:\/\/bufetespanol.es\/ca\/wp-json\/wp\/v2\/pages\/12108\/revisions"}],"predecessor-version":[{"id":12279,"href":"https:\/\/bufetespanol.es\/ca\/wp-json\/wp\/v2\/pages\/12108\/revisions\/12279"}],"wp:attachment":[{"href":"https:\/\/bufetespanol.es\/ca\/wp-json\/wp\/v2\/media?parent=12108"}],"curies":[{"name":"wp","href":"https:\/\/api.w.org\/{rel}","templated":true}]}}