{"id":12102,"date":"2019-04-05T11:06:55","date_gmt":"2019-04-05T09:06:55","guid":{"rendered":"http:\/\/www.bufetespanol.es\/?page_id=12102"},"modified":"2019-04-05T11:13:00","modified_gmt":"2019-04-05T09:13:00","slug":"equip","status":"publish","type":"page","link":"https:\/\/bufetespanol.es\/ca\/equip\/","title":{"rendered":"Equip"},"content":{"rendered":"<div class=\"push\" style='height:80px'><\/div>\n<div class=\"row \"><div class=\"wpv-grid grid-1-2  wpv-first-level first unextended\" style=\"padding-top:0px;padding-bottom:0px\" id=\"wpv-column-6fe53556d8e18a43c106fc502ae7f64c\" ><h3 style=\"padding-left: 5px;\"><span class=\"accent-1\">\u2013 L&#8217;equip<\/span><\/h3>\n<p style=\"padding-left: 20px;\">Bufet Espanyol Moreda compta actualment amb tres persones en tasques administratives, 3 oficials i quatre lletrats i mant\u00e9 acords de col\u00b7laboraci\u00f3 amb despatxos situats a Lleida, Tarragona, Girona i Madrid amb el que ens permet atendre di\u00e0riament judicis sense haver de sol\u00b7licitar la suspensi\u00f3 per coincid\u00e8ncia d&#8217;assenyalaments.<\/p>\n<div class=\"push\" style='height:20px'><\/div>\n<h3 style=\"padding-left: 5px;\"><span class=\"accent-1\">\u2013 Els mitjans<\/span><\/h3>\n<p style=\"padding-left: 20px;\">Bufet Espanyol Moreda t\u00e9 els mitjans inform\u00e0tics i personals per poder treballar els expedients judicials amb el programa de gesti\u00f3 intern del despatx com per poder fer-ho amb programes de gesti\u00f3 d&#8217;aquests expedients que puguin tenir el client.<\/p>\n<div class=\"push\" style='height:20px'><\/div>\n<h3 style=\"padding-left: 5px;\"><span class=\"accent-1\">\u2013 L&#8217;efectivitat<\/span><\/h3>\n<p style=\"padding-left: 20px;\">L&#8217;efectivitat provada de les actuacions professionals del despatx ve avalada per un programa de gesti\u00f3 d&#8217;expedients especialitzat que permet con\u00e8ixer la informaci\u00f3 i estat dels mateixos i traslladar aquest coneixement al client, garantit informaci\u00f3 actualitzada di\u00e0riament.<\/p>\n<div class=\"push\" style='height:20px'><\/div><\/div>\n<div class=\"wpv-grid grid-1-2  wpv-first-level unextended\" style=\"padding-top:0px;padding-bottom:0px\" id=\"wpv-column-369871c3f05a4cd32dd44c3926c40552\" ><div class=\"row \"><div class=\"wpv-grid grid-1-1  first unextended\" style=\"padding-top:0px;padding-bottom:0px\" id=\"wpv-column-7c04ac781fc06e1a237277e05189ec43\" ><p><img loading=\"lazy\" decoding=\"async\" class=\"size-full wp-image-11910\" src=\"http:\/\/www.bufetespanol.es\/wp-content\/uploads\/2019\/03\/jose-maria-espanol.jpg\" alt=\"Jos\u00e9 Mar\u00eda Espa\u00f1ol\" width=\"620\" height=\"534\" srcset=\"https:\/\/bufetespanol.es\/wp-content\/uploads\/2019\/03\/jose-maria-espanol.jpg 620w, https:\/\/bufetespanol.es\/wp-content\/uploads\/2019\/03\/jose-maria-espanol-300x258.jpg 300w, https:\/\/bufetespanol.es\/wp-content\/uploads\/2019\/03\/jose-maria-espanol-555x478.jpg 555w, https:\/\/bufetespanol.es\/wp-content\/uploads\/2019\/03\/jose-maria-espanol-360x310.jpg 360w, https:\/\/bufetespanol.es\/wp-content\/uploads\/2019\/03\/jose-maria-espanol-262x226.jpg 262w\" sizes=\"auto, (max-width: 620px) 100vw, 620px\" \/><\/p>\n<h3>Jos\u00e9 Mar\u00eda Espa\u00f1ol Moreda<\/h3>\n<div class=\"sep-3\"><\/div>\n<p>El titular del despatx, Jos\u00e9 Mar\u00eda Espa\u00f1ol, ha pronunciat recentment confer\u00e8ncies al Col\u00b7legi d&#8217;Advocats de Granollers sobre la problem\u00e0tica de l&#8217;execuci\u00f3 hipotec\u00e0ria i fa uns mesos a la Cadena Cope per valorar la llei 5\/2018 per la qual s&#8217;ha reformat la llei d&#8217;enjudiciament civil, per tractar d&#8217;agilitar la desocupaci\u00f3 d&#8217;habitatges de particulars.<\/p>\n<div class=\"push\" style='height:25px'><\/div><\/div><\/div>\n<div class=\"row \"><div class=\"wpv-grid grid-1-1 add-border first unextended animation-from-bottom animated-active\" style=\"padding-top:0px;padding-bottom:0px\" id=\"wpv-column-5b6d3332404b56f512ffb64b4156282e\" ><\/div><\/div><\/div><\/div>\n","protected":false},"excerpt":{"rendered":"<p>\u2013 L&#8217;equip Bufet Espanyol Moreda compta actualment amb tres persones en tasques administratives, 3 oficials i quatre lletrats i mant\u00e9 acords de col\u00b7laboraci\u00f3 amb despatxos situats a Lleida, Tarragona, Girona i Madrid amb el que ens permet atendre di\u00e0riament judicis sense haver de sol\u00b7licitar la suspensi\u00f3 per coincid\u00e8ncia d&#8217;assenyalaments. \u2013 Els mitjans Bufet Espanyol Moreda&#8230;<\/p>\n","protected":false},"author":1,"featured_media":0,"parent":0,"menu_order":0,"comment_status":"closed","ping_status":"closed","template":"","meta":{"footnotes":""},"class_list":["post-12102","page","type-page","status-publish","hentry"],"_links":{"self":[{"href":"https:\/\/bufetespanol.es\/ca\/wp-json\/wp\/v2\/pages\/12102","targetHints":{"allow":["GET"]}}],"collection":[{"href":"https:\/\/bufetespanol.es\/ca\/wp-json\/wp\/v2\/pages"}],"about":[{"href":"https:\/\/bufetespanol.es\/ca\/wp-json\/wp\/v2\/types\/page"}],"author":[{"embeddable":true,"href":"https:\/\/bufetespanol.es\/ca\/wp-json\/wp\/v2\/users\/1"}],"replies":[{"embeddable":true,"href":"https:\/\/bufetespanol.es\/ca\/wp-json\/wp\/v2\/comments?post=12102"}],"version-history":[{"count":4,"href":"https:\/\/bufetespanol.es\/ca\/wp-json\/wp\/v2\/pages\/12102\/revisions"}],"predecessor-version":[{"id":12107,"href":"https:\/\/bufetespanol.es\/ca\/wp-json\/wp\/v2\/pages\/12102\/revisions\/12107"}],"wp:attachment":[{"href":"https:\/\/bufetespanol.es\/ca\/wp-json\/wp\/v2\/media?parent=12102"}],"curies":[{"name":"wp","href":"https:\/\/api.w.org\/{rel}","templated":true}]}}