{"id":12097,"date":"2019-04-05T11:03:29","date_gmt":"2019-04-05T09:03:29","guid":{"rendered":"http:\/\/www.bufetespanol.es\/?page_id=12097"},"modified":"2019-04-05T12:56:55","modified_gmt":"2019-04-05T10:56:55","slug":"cookies","status":"publish","type":"page","link":"https:\/\/bufetespanol.es\/ca\/cookies\/","title":{"rendered":"Cookies \/ Galetes"},"content":{"rendered":"<div class=\"row \"><div class=\"wpv-grid grid-1-1  wpv-first-level first unextended\" style=\"padding-top:0px;padding-bottom:0px\" id=\"wpv-column-96e30abd1bf0d75911255d9b70960111\" ><p><\/p>\r\n<h2 class=\"wp-block-heading\">COOKIES \/ GALETES<\/h2>\r\n<p>Aquest lloc web utilitza cookies, que \u00e9s una petita informaci\u00f3 emmagatzemada al PC per ajudar al web a proporcionar una millor experi\u00e8ncia d&#8217;usuari.<\/p>\r\n<p>En general, les galetes o cookies s&#8217;utilitzen per mantenir les prefer\u00e8ncies de l&#8217;usuari i proporcionar dades de seguiment an\u00f2nimes a aplicacions de tercers com Google Analytics. Per norma general, les galetes faran que la seva experi\u00e8ncia de navegaci\u00f3 sigui millor. No obstant aix\u00f2, \u00e9s possible que prefereixi desactivar les cookies en aquest lloc i en altres. La forma m\u00e9s efica\u00e7 \u00e9s desactivar les cookies en el seu navegador.<\/p>\r\n<p><\/p><\/div><\/div>","protected":false},"excerpt":{"rendered":"<p>COOKIES \/ GALETES Aquest lloc web utilitza cookies, que \u00e9s una petita informaci\u00f3 emmagatzemada al PC per ajudar al web a proporcionar una millor experi\u00e8ncia d&#8217;usuari. En general, les galetes o cookies s&#8217;utilitzen per mantenir les prefer\u00e8ncies de l&#8217;usuari i proporcionar dades de seguiment an\u00f2nimes a aplicacions de tercers com Google Analytics. Per norma general,&#8230;<\/p>\n","protected":false},"author":1,"featured_media":0,"parent":0,"menu_order":0,"comment_status":"closed","ping_status":"open","template":"","meta":{"footnotes":""},"class_list":["post-12097","page","type-page","status-publish","hentry"],"_links":{"self":[{"href":"https:\/\/bufetespanol.es\/ca\/wp-json\/wp\/v2\/pages\/12097","targetHints":{"allow":["GET"]}}],"collection":[{"href":"https:\/\/bufetespanol.es\/ca\/wp-json\/wp\/v2\/pages"}],"about":[{"href":"https:\/\/bufetespanol.es\/ca\/wp-json\/wp\/v2\/types\/page"}],"author":[{"embeddable":true,"href":"https:\/\/bufetespanol.es\/ca\/wp-json\/wp\/v2\/users\/1"}],"replies":[{"embeddable":true,"href":"https:\/\/bufetespanol.es\/ca\/wp-json\/wp\/v2\/comments?post=12097"}],"version-history":[{"count":5,"href":"https:\/\/bufetespanol.es\/ca\/wp-json\/wp\/v2\/pages\/12097\/revisions"}],"predecessor-version":[{"id":12144,"href":"https:\/\/bufetespanol.es\/ca\/wp-json\/wp\/v2\/pages\/12097\/revisions\/12144"}],"wp:attachment":[{"href":"https:\/\/bufetespanol.es\/ca\/wp-json\/wp\/v2\/media?parent=12097"}],"curies":[{"name":"wp","href":"https:\/\/api.w.org\/{rel}","templated":true}]}}