{"id":12087,"date":"2019-04-05T10:53:09","date_gmt":"2019-04-05T08:53:09","guid":{"rendered":"http:\/\/www.bufetespanol.es\/?page_id=12087"},"modified":"2019-04-05T12:56:14","modified_gmt":"2019-04-05T10:56:14","slug":"com-treballem","status":"publish","type":"page","link":"https:\/\/bufetespanol.es\/ca\/com-treballem\/","title":{"rendered":"Com treballem"},"content":{"rendered":"<div class=\"push\" style='height:80px'><\/div>\n<div class=\"row \"><div class=\"wpv-grid grid-1-2  wpv-first-level first unextended\" style=\"padding-top:0px;padding-bottom:0px\" id=\"wpv-column-20af9ce4d52a7f9f5a36d27c31693390\" ><h3 style=\"padding-left: 5px;\"><span class=\"accent-1\">&#8211; Rapidesa i efic\u00e0cia<\/span><\/h3>\n<p>El seguiment dels expedients personalment als jutjats, ens ha perm\u00e8s obtenir uns resultats superiors a la mitjana ja que mantenim un contacte diari i personal amb els professionals de l&#8217;administraci\u00f3 de just\u00edcia.<\/p>\n<p>Tots els expedients del despatx estan digitalitzats el que ens ha perm\u00e8s guanyar en efic\u00e0cia i productivitat ja que el paper, pr\u00e0cticament, ha desaparegut de l&#8217;activitat di\u00e0ria del nostre despatx.<\/p>\n<div class=\"push\" style='height:20px'><\/div>\n<h3 style=\"padding-left: 5px;\"><span class=\"accent-1\"><span class='icon shortcode   use-hover' style='font-size:32px !important;'>&#57526;<\/span><\/span><\/h3>\n<h3 style=\"padding-left: 5px;\">Presentaci\u00f3 de les demandes en 24 hores des de la recepci\u00f3<\/h3>\n<p style=\"padding-left: 20px;\">Les demandes s&#8217;envien al procurador corresponent en un termini m\u00e0xim de 24 hores des de la recepci\u00f3 per la seva presentaci\u00f3. En el cas que haguessin de sol\u00b7licitar la nota simple actualitzada d&#8217;una finca ocupada o b\u00e9 enviar burofax reclamant l&#8217;import del deute, o les rendes o la resoluci\u00f3 del contracte, en els judicis de desnonament, la presentaci\u00f3 de la demanda es demora \u00fanicament un dia ja que ha d&#8217;esperar-se a la recepci\u00f3 del justificant de recepci\u00f3 del burofax que facilita Correus o la nota del Registre de la propietat.<\/p>\n<p style=\"padding-left: 20px;\">En els processos de desocupaci\u00f3 d&#8217;habitatges l&#8217;experi\u00e8ncia d&#8217;aquests tres mil tres-expedients ens permet garantir que la via civil \u00e9s la m\u00e9s adequada i la que menys repercussi\u00f3 medi\u00e0tica t\u00e9 encara que som conscients que en molts casos, no hauria de ser la adecuada.<\/p>\n<p style=\"padding-left: 20px;\">Una de les caracter\u00edstiques del Bufet Espanyol \u00e9s que els lletrats que fan les vistes han de tenir una experi\u00e8ncia m\u00ednima en aquest tipus de procesos.<\/p>\n<p style=\"padding-left: 20px;\">Asimismo, hem arribat a un acord amb el grup de procuradors radicat a tot Catalunya que ens permet garantir que en tots els partits judicials podem ofe cer la mateixa qualitat de servei.<\/p>\n<div class=\"push\" style='height:20px'><\/div>\n<h3 style=\"padding-left: 5px;\"><span class=\"accent-1\">&#8211; Abs\u00e8ncia de repercussi\u00f3 i medi\u00e0tica<\/span><\/h3>\n<p style=\"padding-left: 20px;\">Plenament conscients del risc reputacional que pot suposar per al client recuperar els actius immobiliaris, el despatx treballa amb un sistema que permet l&#8217;abs\u00e8ncia de conflictivitat i nul\u00b7la repercussi\u00f3 medi\u00e0tica.<\/p>\n<p style=\"padding-left: 20px;\">L&#8217;any passat hem gestionat la desocupaci\u00f3 d&#8217;un edifici de la Llagosta (Barcelona) que va tenir molta pres\u00e8ncia en mitjans de comunicaci\u00f3 i xarxes socials a tot Catalunya amb un resultat satisfactori per a l&#8217;entitat per als futurs propietaris dels habitatges ocupats.<\/p>\n<div class=\"push\" style='height:20px'><\/div><\/div>\n<div class=\"wpv-grid grid-1-2  wpv-first-level unextended\" style=\"padding-top:0px;padding-bottom:0px\" id=\"wpv-column-a93dc5a4fc9b7b5bae79604856d90e66\" ><div class=\"row \"><div class=\"wpv-grid grid-1-1  first unextended\" style=\"padding-top:0px;padding-bottom:0px\" id=\"wpv-column-ed4d65568912b1657b775e38300865df\" ><p><div id='gallery-1' class='gallery galleryid-12087 gallery-columns-2 gallery-size-medium'><figure class='gallery-item'>\n\t\t\t<div class='gallery-icon landscape'>\n\t\t\t\t<a href='https:\/\/bufetespanol.es\/wp-content\/uploads\/2019\/03\/despacho-espanol-moreda-05.jpg'><img loading=\"lazy\" decoding=\"async\" width=\"300\" height=\"225\" src=\"https:\/\/bufetespanol.es\/wp-content\/uploads\/2019\/03\/despacho-espanol-moreda-05-300x225.jpg\" class=\"attachment-medium size-medium\" alt=\"\" srcset=\"https:\/\/bufetespanol.es\/wp-content\/uploads\/2019\/03\/despacho-espanol-moreda-05-300x225.jpg 300w, https:\/\/bufetespanol.es\/wp-content\/uploads\/2019\/03\/despacho-espanol-moreda-05-555x416.jpg 555w, https:\/\/bufetespanol.es\/wp-content\/uploads\/2019\/03\/despacho-espanol-moreda-05-360x270.jpg 360w, https:\/\/bufetespanol.es\/wp-content\/uploads\/2019\/03\/despacho-espanol-moreda-05-262x197.jpg 262w, https:\/\/bufetespanol.es\/wp-content\/uploads\/2019\/03\/despacho-espanol-moreda-05.jpg 612w\" sizes=\"auto, (max-width: 300px) 100vw, 300px\" \/><\/a>\n\t\t\t<\/div><\/figure><figure class='gallery-item'>\n\t\t\t<div class='gallery-icon landscape'>\n\t\t\t\t<a href='https:\/\/bufetespanol.es\/wp-content\/uploads\/2019\/03\/despacho-espanol-moreda-03.jpg'><img loading=\"lazy\" decoding=\"async\" width=\"300\" height=\"225\" src=\"https:\/\/bufetespanol.es\/wp-content\/uploads\/2019\/03\/despacho-espanol-moreda-03-300x225.jpg\" class=\"attachment-medium size-medium\" alt=\"\" srcset=\"https:\/\/bufetespanol.es\/wp-content\/uploads\/2019\/03\/despacho-espanol-moreda-03-300x225.jpg 300w, https:\/\/bufetespanol.es\/wp-content\/uploads\/2019\/03\/despacho-espanol-moreda-03-555x416.jpg 555w, https:\/\/bufetespanol.es\/wp-content\/uploads\/2019\/03\/despacho-espanol-moreda-03-360x270.jpg 360w, https:\/\/bufetespanol.es\/wp-content\/uploads\/2019\/03\/despacho-espanol-moreda-03-262x197.jpg 262w, https:\/\/bufetespanol.es\/wp-content\/uploads\/2019\/03\/despacho-espanol-moreda-03.jpg 612w\" sizes=\"auto, (max-width: 300px) 100vw, 300px\" \/><\/a>\n\t\t\t<\/div><\/figure><figure class='gallery-item'>\n\t\t\t<div class='gallery-icon landscape'>\n\t\t\t\t<a href='https:\/\/bufetespanol.es\/wp-content\/uploads\/2019\/03\/despacho-espanol-moreda-01.jpg'><img loading=\"lazy\" decoding=\"async\" width=\"300\" height=\"225\" src=\"https:\/\/bufetespanol.es\/wp-content\/uploads\/2019\/03\/despacho-espanol-moreda-01-300x225.jpg\" class=\"attachment-medium size-medium\" alt=\"\" srcset=\"https:\/\/bufetespanol.es\/wp-content\/uploads\/2019\/03\/despacho-espanol-moreda-01-300x225.jpg 300w, https:\/\/bufetespanol.es\/wp-content\/uploads\/2019\/03\/despacho-espanol-moreda-01-555x416.jpg 555w, https:\/\/bufetespanol.es\/wp-content\/uploads\/2019\/03\/despacho-espanol-moreda-01-360x270.jpg 360w, https:\/\/bufetespanol.es\/wp-content\/uploads\/2019\/03\/despacho-espanol-moreda-01-262x197.jpg 262w, https:\/\/bufetespanol.es\/wp-content\/uploads\/2019\/03\/despacho-espanol-moreda-01.jpg 612w\" sizes=\"auto, (max-width: 300px) 100vw, 300px\" \/><\/a>\n\t\t\t<\/div><\/figure><figure class='gallery-item'>\n\t\t\t<div class='gallery-icon landscape'>\n\t\t\t\t<a href='https:\/\/bufetespanol.es\/wp-content\/uploads\/2019\/03\/despacho-espanol-moreda-02.jpg'><img loading=\"lazy\" decoding=\"async\" width=\"300\" height=\"225\" src=\"https:\/\/bufetespanol.es\/wp-content\/uploads\/2019\/03\/despacho-espanol-moreda-02-300x225.jpg\" class=\"attachment-medium size-medium\" alt=\"\" srcset=\"https:\/\/bufetespanol.es\/wp-content\/uploads\/2019\/03\/despacho-espanol-moreda-02-300x225.jpg 300w, https:\/\/bufetespanol.es\/wp-content\/uploads\/2019\/03\/despacho-espanol-moreda-02-555x416.jpg 555w, https:\/\/bufetespanol.es\/wp-content\/uploads\/2019\/03\/despacho-espanol-moreda-02-360x270.jpg 360w, https:\/\/bufetespanol.es\/wp-content\/uploads\/2019\/03\/despacho-espanol-moreda-02-262x197.jpg 262w, https:\/\/bufetespanol.es\/wp-content\/uploads\/2019\/03\/despacho-espanol-moreda-02.jpg 612w\" sizes=\"auto, (max-width: 300px) 100vw, 300px\" \/><\/a>\n\t\t\t<\/div><\/figure><figure class='gallery-item'>\n\t\t\t<div class='gallery-icon landscape'>\n\t\t\t\t<a href='https:\/\/bufetespanol.es\/wp-content\/uploads\/2019\/03\/despacho-espanol-moreda-04.jpg'><img loading=\"lazy\" decoding=\"async\" width=\"300\" height=\"225\" src=\"https:\/\/bufetespanol.es\/wp-content\/uploads\/2019\/03\/despacho-espanol-moreda-04-300x225.jpg\" class=\"attachment-medium size-medium\" alt=\"\" srcset=\"https:\/\/bufetespanol.es\/wp-content\/uploads\/2019\/03\/despacho-espanol-moreda-04-300x225.jpg 300w, https:\/\/bufetespanol.es\/wp-content\/uploads\/2019\/03\/despacho-espanol-moreda-04-555x416.jpg 555w, https:\/\/bufetespanol.es\/wp-content\/uploads\/2019\/03\/despacho-espanol-moreda-04-360x270.jpg 360w, https:\/\/bufetespanol.es\/wp-content\/uploads\/2019\/03\/despacho-espanol-moreda-04-262x197.jpg 262w, https:\/\/bufetespanol.es\/wp-content\/uploads\/2019\/03\/despacho-espanol-moreda-04.jpg 612w\" sizes=\"auto, (max-width: 300px) 100vw, 300px\" \/><\/a>\n\t\t\t<\/div><\/figure><figure class='gallery-item'>\n\t\t\t<div class='gallery-icon landscape'>\n\t\t\t\t<a href='https:\/\/bufetespanol.es\/wp-content\/uploads\/2019\/03\/despacho-espanol-moreda-06.jpg'><img loading=\"lazy\" decoding=\"async\" width=\"300\" height=\"225\" src=\"https:\/\/bufetespanol.es\/wp-content\/uploads\/2019\/03\/despacho-espanol-moreda-06-300x225.jpg\" class=\"attachment-medium size-medium\" alt=\"\" srcset=\"https:\/\/bufetespanol.es\/wp-content\/uploads\/2019\/03\/despacho-espanol-moreda-06-300x225.jpg 300w, https:\/\/bufetespanol.es\/wp-content\/uploads\/2019\/03\/despacho-espanol-moreda-06-555x416.jpg 555w, https:\/\/bufetespanol.es\/wp-content\/uploads\/2019\/03\/despacho-espanol-moreda-06-360x270.jpg 360w, https:\/\/bufetespanol.es\/wp-content\/uploads\/2019\/03\/despacho-espanol-moreda-06-262x197.jpg 262w, https:\/\/bufetespanol.es\/wp-content\/uploads\/2019\/03\/despacho-espanol-moreda-06.jpg 612w\" sizes=\"auto, (max-width: 300px) 100vw, 300px\" \/><\/a>\n\t\t\t<\/div><\/figure>\n\t\t<\/div>\n<\/p>\n<div class=\"push\" style='height:25px'><\/div><\/div><\/div>\n<div class=\"row \"><div class=\"wpv-grid grid-1-1 add-border first unextended animation-from-bottom animated-active\" style=\"padding-top:0px;padding-bottom:0px\" id=\"wpv-column-ff580740ca6c495959c5e9c4e0f81320\" ><\/div><\/div><\/div><\/div>\n","protected":false},"excerpt":{"rendered":"<p>&#8211; Rapidesa i efic\u00e0cia El seguiment dels expedients personalment als jutjats, ens ha perm\u00e8s obtenir uns resultats superiors a la mitjana ja que mantenim un contacte diari i personal amb els professionals de l&#8217;administraci\u00f3 de just\u00edcia. Tots els expedients del despatx estan digitalitzats el que ens ha perm\u00e8s guanyar en efic\u00e0cia i productivitat ja que&#8230;<\/p>\n","protected":false},"author":1,"featured_media":0,"parent":0,"menu_order":0,"comment_status":"closed","ping_status":"closed","template":"","meta":{"footnotes":""},"class_list":["post-12087","page","type-page","status-publish","hentry"],"_links":{"self":[{"href":"https:\/\/bufetespanol.es\/ca\/wp-json\/wp\/v2\/pages\/12087","targetHints":{"allow":["GET"]}}],"collection":[{"href":"https:\/\/bufetespanol.es\/ca\/wp-json\/wp\/v2\/pages"}],"about":[{"href":"https:\/\/bufetespanol.es\/ca\/wp-json\/wp\/v2\/types\/page"}],"author":[{"embeddable":true,"href":"https:\/\/bufetespanol.es\/ca\/wp-json\/wp\/v2\/users\/1"}],"replies":[{"embeddable":true,"href":"https:\/\/bufetespanol.es\/ca\/wp-json\/wp\/v2\/comments?post=12087"}],"version-history":[{"count":4,"href":"https:\/\/bufetespanol.es\/ca\/wp-json\/wp\/v2\/pages\/12087\/revisions"}],"predecessor-version":[{"id":12143,"href":"https:\/\/bufetespanol.es\/ca\/wp-json\/wp\/v2\/pages\/12087\/revisions\/12143"}],"wp:attachment":[{"href":"https:\/\/bufetespanol.es\/ca\/wp-json\/wp\/v2\/media?parent=12087"}],"curies":[{"name":"wp","href":"https:\/\/api.w.org\/{rel}","templated":true}]}}