{"id":12073,"date":"2019-04-05T10:19:52","date_gmt":"2019-04-05T08:19:52","guid":{"rendered":"http:\/\/www.bufetespanol.es\/?page_id=12073"},"modified":"2019-04-05T10:41:29","modified_gmt":"2019-04-05T08:41:29","slug":"avis-legal","status":"publish","type":"page","link":"https:\/\/bufetespanol.es\/ca\/avis-legal\/","title":{"rendered":"Av\u00eds Legal"},"content":{"rendered":"<div class=\"row \"><div class=\"wpv-grid grid-1-1  wpv-first-level first unextended\" style=\"padding-top:0px;padding-bottom:0px\" id=\"wpv-column-f8190885c1d54ab96aad15f753b06d69\" ><p><\/p>\r\n<h2 class=\"wp-block-heading\">AV\u00cdS LEGAL P\u00c0GINA WEB<\/h2>\r\n<h4>\u00a0<\/h4>\r\n<h4>AV\u00cdS LEGAL<\/h4>\r\n<p>En virtut de la Llei 15\/1999, de 13 de desembre sobre la Protecci\u00f3 de Dades de car\u00e0cter personal, l\u2019informem que les seves dades reflectides a aquesta comunicaci\u00f3, estan incorporades en un fitxer responsabilitat de l\u2019empresa mercantil Bufet Espanyol Moreda SLP, CIF: B63670665. La finalitat d\u2019aquest fitxer \u00e9s gestionar el servei sol\u00b7licitat. L\u2019usuari garanteix l\u2019autenticitat de totes aquelles dades que comuniqui a trav\u00e9s de www.bufetespanol.es i mantindr\u00e0 actualitzada la informaci\u00f3 que faciliti a Bufet Espanyol Moreda SLP, de manera que respongui en tot moment a la seva situaci\u00f3 real, essent l\u2019\u00fanic responsable de les manifestacions falses o inexactes que realitzi, aix\u00ed com dels perjudicis que causi per aquesta ra\u00f3 a Bufet Espanyol Moreda SLP oa tercers. Bufet Espanyol Moreda SLP no pot assumir cap responsabilitat derivada de l\u2019\u00fas incorrecte, inapropiat o il\u00b7l\u00edcit de la informaci\u00f3 apareguda en les p\u00e0gines d\u2019Internet de Bufet Espanyol Moreda SLP. Amb els l\u00edmits establerts a la llei, Bufet Espanyol Moreda SLP no assumeix cap responsabilitat derivada de la falta de veracitat, integritat, actualitzaci\u00f3 i precisi\u00f3 de les dades o informacions que contenen les seves p\u00e0gines d\u2019Internet. Els continguts i la informaci\u00f3 de les p\u00e0gines d\u2019Internet de Bufet Espanyol Moreda SLP estan elaborades per professionals degudament qualificats per a l\u2019exercici de la seva professi\u00f3. No obstant aix\u00f2, els continguts i informaci\u00f3 no vinculen, ni constitueixen opinions, consells o assessorament legal de cap tipus, doncs es tracta d\u2019un servei ofert amb car\u00e0cter informatiu i divulgatiu. Les p\u00e0gines d\u2019Internet de Bufet Espanyol Moreda SLP poden contenir enlla\u00e7os (links) a altres p\u00e0gines de tercers. Per aix\u00f2, aquesta no podr\u00e0 assumir responsabilitats pel contingut que pugui apar\u00e8ixer en p\u00e0gines de tercers. Els textos, imatges, sons, animacions, programari i la resta de continguts inclosos en aquest website s\u00f3n propietat exclusiva de Bufet Espanyol Moreda SLP o els seus llicenciants. Qualsevol acte de transmissi\u00f3, distribuci\u00f3, cessi\u00f3, reproducci\u00f3, emmagatzematge o comunicaci\u00f3 p\u00fablica total o parcial, ha de comptar amb el consentiment expr\u00e9s de Bufet Espanyol Moreda SLP Aix\u00ed mateix, per accedir als serveis que Bufet Espanyol Moreda SLP ofereix a trav\u00e9s de la website, haur\u00e0 de proporcionar algunes dades de car\u00e0cter personal. En compliment del que estableix la LOPD 15\/1999, de 13 de desembre, l\u2019informem que les seves dades personals quedaran incorporades i seran tractades als fitxers de Bufet Espanyol Moreda SLP, amb la finalitat de prestar i oferir els nostres serveis. Aix\u00ed mateix, l\u2019informem de la possibilitat d\u2019exercir els drets d\u2019acc\u00e9s, rectificaci\u00f3, cancel\u00b7laci\u00f3 i oposici\u00f3 de les seves dades de car\u00e0cter personal, en Avinguda de Burgos, 29, 1-1, 08100 Mollet del Vall\u00e8s, Barcelona o b\u00e9, enviar un correu electr\u00f2nic a jme@bufetespanol.com. No obstant aix\u00f2, la seva acceptaci\u00f3 al present Av\u00eds Legal suposa la prestaci\u00f3 del seu consentiment expr\u00e9s perqu\u00e8 Bufet Espanyol Moreda SLP pugui remetre-li comunicacions publicit\u00e0ries o promocionals per correu electr\u00f2nic o altre mitj\u00e0 de comunicaci\u00f3 equivalent, en els termes que estableix la Llei 34\/2002, de serveis de la Societat de la Informaci\u00f3 i del Comer\u00e7 Electr\u00f2nic. En el cas, de no estar interessat en rebre aquest tipus de comunicacions pot dirigir-se a Bufet Espanyol Moreda SLP, a l\u2019adre\u00e7a anteriorment indicada o al correu electr\u00f2nic jme@bufetespanol.com, manifestant la seva voluntat.<\/p>\r\n<h4>\u00a0<\/h4>\r\n<h4>PROPIETAT INTEL\u00b7LECTUAL<\/h4>\r\n<p>Els continguts proporcionats per Bufet Espanyol Moreda SLP estan subjectes a drets de propietat intel\u00b7lectual i industrial i s\u00f3n titularitat exclusiva de Bufet Espanyol Moreda SLP o de les persones f\u00edsiques o jur\u00eddiques que s\u2019informi d\u2019un producte o servei. Bufet Espanyol Moreda SLP no confereix a l\u2019adquirent cap dret d\u2019alteraci\u00f3, explotaci\u00f3, reproducci\u00f3, distribuci\u00f3 o comunicaci\u00f3 p\u00fablica sobre el mateix, reservant-se l\u2019Bufet Espanyol Moreda SLP tots aquests drets. La cessi\u00f3 d\u2019aquests drets precisar\u00e0 el consentiment previ per escrit del titular dels mateixos, de manera que el client no podr\u00e0 posar a disposici\u00f3 de terceres persones aquests continguts. La propietat intel\u00b7lectual s\u2019est\u00e9n, a m\u00e9s del contingut incl\u00f2s a Bufet Espanyol Moreda SLP, als seus gr\u00e0fics, logotips, dissenys, imatges i codis font utilitzats per a la seva programaci\u00f3. Bufet Espanyol Moreda SLP ha obtingut la Informaci\u00f3 i els materials inclosos a la web de fonts considerades com fiables i, si b\u00e9 s\u2019han pres mesures raonables per assegurar-se que la informaci\u00f3 continguda sigui la correcte, Bufet Espanyol Moreda SLP no pot garantir que en tot moment i circumst\u00e0ncia aquesta informaci\u00f3 sigui exacta, completa, actualitzada i, en conseq\u00fc\u00e8ncia, no s\u2019ha de confiar em ella com si ho fos. Bufet Espanyol Moreda SLP declina expressament qualsevol responsabilitat per error o omissi\u00f3 en la Informaci\u00f3 continguda a les p\u00e0gines d\u2019aquesta web. Bufet Espanyol Moreda SLP es reserva la facultat de modificar, suspendre, cancel\u00b7lar o restringir el contingut de la web, els vincles o la informaci\u00f3 obtinguda a trav\u00e9s d\u2019ella, sense necessitat d\u2019av\u00eds previ. Aquesta, en cap cas, assumeix responsabilitat com a conseq\u00fc\u00e8ncia de la incorrecta utilitzaci\u00f3 de la web que pugui fer l\u2019usuari, tant de la informaci\u00f3 com dels serveis inclosos. En cap cas Bufet Espanyol Moreda SLP, les seves sucursals i \/ o centres adscrits, els seus directors i \/ o empleats i, en general, el personal autoritzat ser\u00e0 responsable de qualsevol tipus de perjudici, p\u00e8rdues, reclamacions o despeses, tant si procedeix directament o indirectament, de l\u2019\u00fas i \/ o difusi\u00f3 del web o de la Informaci\u00f3 adquirida o accedida per oa trav\u00e9s d\u2019aquesta o dels seus virus inform\u00e0tics, de fallades operatives o d\u2019interrupcions en el servei o transmissi\u00f3 o de fallades en la l\u00ednia en l\u2019 \u00fas de la web, tant per connexi\u00f3 directa com per vincle o altre mitj\u00e0, constituint amb car\u00e0cter general legals un av\u00eds a qualsevol usuari de que aquestes possibilitats i esdeveniments poden oc\u00f3rrer. Bufet Espanyol Moreda SLP no es fa responsable de les webs no pr\u00f2pies a les que es pugui accedir mitjan\u00e7ant vincles o enlla\u00e7os ( \u201clinks\u201d) o de qualsevol contingut posat a disposici\u00f3 de tercers. Qualsevol \u00fas d\u2019un vincle o acc\u00e9s a una web no pr\u00f2pia ser\u00e0 realitzat per voluntat ia risc totalment exclusiu de l\u2019usuari. Bufet Espanyol Moreda SLP no recomana ni garanteix cap de la \/ es Informaci\u00f3 \/ ons obtinguda \/ es per oa trav\u00e9s d\u2019un vincle, ni es responsabilitza de cap p\u00e8rdua, reclamaci\u00f3 o perjudici derivat de l\u2019\u00fas o mal \u00fas d\u2019un vincle, o de la Informaci\u00f3 obtinguda a trav\u00e9s d\u2019ell, incloent altres vincles o webs, de la interrupci\u00f3 en el servei o en l\u2019acc\u00e9s, o de l\u2019intent d\u2019usar o usar malament un vincle, tant al connectar a la web de Bufet Espanyol Moreda SLP com a l\u2019accedir a la informaci\u00f3 d\u2019altres webs des de la mateixa. De vegades, aquesta web utilitza \u201cCookies\u201d, \u00e9s a dir, petits fitxers de dades que es generen en l\u2019ordinador de l\u2019usuari i que permeten obtenir la seg\u00fcent Informaci\u00f3: 1) Data i hora de l\u2019\u00faltima vegada que l\u2019usuari va visitar la web; 2) Disseny i continguts que l\u2019usuari va escollir en la seva primera visita a la web; 3) Elements de seguretat que intervenen en el control d\u2019acc\u00e9s a les \u00e0rees restringides i 4) Altres circumst\u00e0ncies an\u00e0logues. L\u2019usuari t\u00e9 l\u2019opci\u00f3 d\u2019impedir la generaci\u00f3 de cookies, mitjan\u00e7ant la selecci\u00f3 de la corresponent opci\u00f3 al seu programa navegador. No obstant aix\u00f2, Bufet Espanyol Moreda SLP no es responsabilitza de que la desactivaci\u00f3 de les mateixes impedeixi el bon funcionament de la p\u00e0gina web.<\/p>\r\n<h4>\u00a0<\/h4>\r\n<h4>Propietat industrial i intel\u00b7lectual<\/h4>\r\n<p>Aquesta web \u00e9s propietat de Bufet Espanyol Moreda SLP. Els drets de Propietat Intel\u00b7lectual i d\u2019explotaci\u00f3 i reproducci\u00f3 d\u2019aquesta web, de les seves p\u00e0gines, pantalles, la Informaci\u00f3 que contenen, la seva aparen\u00e7a i disseny, aix\u00ed com els vincles (\u201chiperlinks\u201d) que s\u2019estableixin des d\u2019ella a altres p\u00e0gines web de qualsevol societat filial i \/ o dominada de Bufet Espanyol Moreda SLP, s\u00f3n propietat exclusiva d\u2019aquesta, tret que expressament s\u2019especifiqui altra cosa. Qualsevol denominaci\u00f3, disseny i \/ o logotip, aix\u00ed com qualsevol producte o servei oferts i reflectits en aquesta p\u00e0gina web, s\u00f3n marques degudament registrades per Bufet Espanyol Moreda SLP, per les seves societats filials i \/ o dominades per tercers. Qualsevol \u00fas indegut de les mateixes per persones diferents del seu leg\u00edtim titular i sense el consentiment expr\u00e9s i inequ\u00edvoc per part d\u2019aquest podr\u00e0 ser denunciat i perseguit a trav\u00e9s de tots els mitjans legals existents en l\u2019Ordenament Jur\u00eddic espanyol i \/ o comunitari. Els drets de propietat intel\u00b7lectual i marques de tercers estan destacats convenientment i han de ser respectats per tot aquell que accedeixi a aquesta p\u00e0gina, no essent responsabilitat de Bufet Espanyol Moreda SLP l\u2019\u00fas que l\u2019usuari pugui portar a terme referent a aix\u00f2, recaient la responsabilitat exclusiva en la seva persona. Nom\u00e9s es permet descarregar per a \u00fas personal i privat els continguts, copiar o imprimir qualsevol p\u00e0gina d\u2019aquesta web. Queda prohibit reproduir, transmetre, modificar o suprimir la informaci\u00f3, contingut o advert\u00e8ncies d\u2019aquesta web sense la pr\u00e8via autoritzaci\u00f3 per escrit de Bufet Espanyol Moreda SLP.<\/p>\r\n<h4>\u00a0<\/h4>\r\n<h4>Llei aplicable i jurisdicci\u00f3<\/h4>\r\n<p>Les presents condicions generals es regeixen per la Legislaci\u00f3 espanyola, sent competents els Jutjats i Tribunals espanyols per a con\u00e8ixer qualsevol q\u00fcesti\u00f3 que es susciti sobre la interpretaci\u00f3, aplicaci\u00f3 i compliment de les mateixes. L\u2019usuari, per virtut de la seva acceptaci\u00f3 a les condicions generals recollides en aquest av\u00eds legal, renuncia expressament a qualsevol fur que, per aplicaci\u00f3 de la Llei d\u2019Enjudiciament Civil vigent pogu\u00e9s correspondre-li.<\/p>\r\n<p><\/p><\/div><\/div>","protected":false},"excerpt":{"rendered":"<p>AV\u00cdS LEGAL P\u00c0GINA WEB \u00a0 AV\u00cdS LEGAL En virtut de la Llei 15\/1999, de 13 de desembre sobre la Protecci\u00f3 de Dades de car\u00e0cter personal, l\u2019informem que les seves dades reflectides a aquesta comunicaci\u00f3, estan incorporades en un fitxer responsabilitat de l\u2019empresa mercantil Bufet Espanyol Moreda SLP, CIF: B63670665. La finalitat d\u2019aquest fitxer \u00e9s gestionar&#8230;<\/p>\n","protected":false},"author":1,"featured_media":0,"parent":0,"menu_order":0,"comment_status":"closed","ping_status":"open","template":"","meta":{"footnotes":""},"class_list":["post-12073","page","type-page","status-publish","hentry"],"_links":{"self":[{"href":"https:\/\/bufetespanol.es\/ca\/wp-json\/wp\/v2\/pages\/12073","targetHints":{"allow":["GET"]}}],"collection":[{"href":"https:\/\/bufetespanol.es\/ca\/wp-json\/wp\/v2\/pages"}],"about":[{"href":"https:\/\/bufetespanol.es\/ca\/wp-json\/wp\/v2\/types\/page"}],"author":[{"embeddable":true,"href":"https:\/\/bufetespanol.es\/ca\/wp-json\/wp\/v2\/users\/1"}],"replies":[{"embeddable":true,"href":"https:\/\/bufetespanol.es\/ca\/wp-json\/wp\/v2\/comments?post=12073"}],"version-history":[{"count":5,"href":"https:\/\/bufetespanol.es\/ca\/wp-json\/wp\/v2\/pages\/12073\/revisions"}],"predecessor-version":[{"id":12078,"href":"https:\/\/bufetespanol.es\/ca\/wp-json\/wp\/v2\/pages\/12073\/revisions\/12078"}],"wp:attachment":[{"href":"https:\/\/bufetespanol.es\/ca\/wp-json\/wp\/v2\/media?parent=12073"}],"curies":[{"name":"wp","href":"https:\/\/api.w.org\/{rel}","templated":true}]}}